{"id":4753,"date":"2017-11-07T19:05:36","date_gmt":"2017-11-07T18:05:36","guid":{"rendered":"http:\/\/www.ontheroad.coop\/cms\/sostienici\/"},"modified":"2024-12-11T11:35:25","modified_gmt":"2024-12-11T10:35:25","slug":"support-us","status":"publish","type":"page","link":"https:\/\/www.ontheroad.coop\/en\/support-us\/","title":{"rendered":"Support us"},"content":{"rendered":"<p>[vc_row css_animation=&#8221;fadeInUp&#8221; css=&#8221;.vc_custom_1733908188389{background-color: #ffffff !important;}&#8221;][vc_column][vc_single_image image=&#8221;12536&#8243; img_size=&#8221;full&#8221; alignment=&#8221;center&#8221; css_animation=&#8221;fadeIn&#8221;][\/vc_column][\/vc_row][vc_row css_animation=&#8221;fadeInUp&#8221; css=&#8221;.vc_custom_1733913303219{background-color: #ffffff !important;}&#8221;][vc_column][vc_row_inner adviva_container_wrap=&#8221;si&#8221;][vc_column_inner][gb_vc_titolo titolo=&#8221;SUPPORT ON THE ROAD&#8221;][\/vc_column_inner][\/vc_row_inner][vc_row_inner adviva_container_wrap=&#8221;si&#8221;][vc_column_inner width=&#8221;2\/3&#8243;][vc_column_text]Since 1994, we have been active in the regions of Marche, Abruzzo, and Molise, in Italy, working to protect and promote the human, social, and civil rights of women, men and children. <strong>Our approach is centered on the individual, emphasizing <span tabindex='0' class='glossary-item-container'>empowerment<span class='glossary-item-hidden-content'><span class='glossary-item-header'>Empowerment<\/span> <span class='glossary-item-description'>L\u2019<strong>empowerment<\/strong>, in italiano \u201cpotenziamento\u201d, rappresenta un modello di servizio sociale attivo che consente a persone, organizzazioni, comunit\u00e0, di valorizzare le proprie abilit\u00e0 e individuare risorse aggiuntive in s\u00e9 stesse, nel proprio gruppo o nel proprio ambiente sociale, al fine di migliorare proattivamente l\u2019equit\u00e0 e la qualit\u00e0 della propria vita.<\/span><\/span><\/span> and promoting social and labor inclusion.<\/strong><\/p>\n<p>Choosing to support On the Road means becoming an active participant in change\u2014taking to the streets and walking together to build, step by step, <strong>a richer, more inclusive, supportive, and conscious community.<\/strong>[\/vc_column_text][\/vc_column_inner][vc_column_inner width=&#8221;1\/3&#8243;][\/vc_column_inner][\/vc_row_inner][vc_column_text]<\/p>\n<h1 style=\"text-align: center;\"><span style=\"color: #fbb900;\">YES, YOU TOO CAN MAKE A DIFFERENCE.<\/span><\/h1>\n<p>[\/vc_column_text][\/vc_column][\/vc_row][vc_row css_animation=&#8221;fadeInUp&#8221; css=&#8221;.vc_custom_1733913270695{background-color: #ffffff !important;}&#8221; el_id=&#8221;crowdfunding&#8221;][vc_column][vc_row_inner adviva_container_wrap=&#8221;si&#8221; content_placement=&#8221;middle&#8221;][vc_column_inner][gb_vc_divider divider=&#8221;sep_30&#8243;][\/vc_column_inner][\/vc_row_inner][vc_row_inner adviva_container_wrap=&#8221;si&#8221; content_placement=&#8221;middle&#8221;][vc_column_inner width=&#8221;1\/2&#8243;][vc_single_image image=&#8221;12524&#8243; img_size=&#8221;full&#8221; alignment=&#8221;center&#8221;][\/vc_column_inner][vc_column_inner width=&#8221;1\/2&#8243;][vc_cta h2=&#8221;SUPPORT OUR CROWDFUNDING&#8221; h2_font_container=&#8221;color:%23ffffff&#8221; h2_google_fonts=&#8221;font_family:Lato%3A100%2C100italic%2C300%2C300italic%2Cregular%2Citalic%2C700%2C700italic%2C900%2C900italic|font_style:900%20bold%20regular%3A900%3Anormal&#8221; use_custom_fonts_h2=&#8221;true&#8221; css=&#8221;.vc_custom_1733913316576{background-color: #fbb900 !important;}&#8221;]<span style=\"color: #ffffff;\">With the rising cost of living and operational expenses, we are facing economic challenges that make it difficult to sustain the quality and continuity of the services we have provided over the years. How can we continue to deliver high-quality, uninterrupted support in an environment that demands well-heated, well-lit, and fully functional spaces? This economic challenge affects not only us but also the thousands of people who turn to us each year for assistance in building the life they have always dreamed of.<\/span><\/p>\n<p><span style=\"color: #ffffff;\">Help us make a difference! We have launched a fundraising campaign with a clear goal: to raise <strong>33,000 euros<\/strong> to install an 18 kW photovoltaic system at our headquarters in San Benedetto del Tronto, Marche, Italy. For us, installing photovoltaic panels represents a practical and innovative solution that will <strong>enhance energy efficiency, reduce the financial burden on the cooperative, and provide greater financial flexibility to reinvest in additional activities supporting vulnerable individuals<\/strong>, while further improving performance, commitment, and social impact. Make a difference with your donation: every contribution counts.<\/span>[\/vc_cta][vc_btn title=&#8221;DONATE NOW&#8221; style=&#8221;outline-custom&#8221; outline_custom_color=&#8221;#fbb900&#8243; outline_custom_hover_background=&#8221;#fbb900&#8243; outline_custom_hover_text=&#8221;#ffffff&#8221; size=&#8221;lg&#8221; align=&#8221;right&#8221; i_icon_fontawesome=&#8221;fa fa-arrow-right&#8221; button_block=&#8221;true&#8221; add_icon=&#8221;true&#8221; link=&#8221;url:https%3A%2F%2Fwww.produzionidalbasso.com%2Fproject%2Fenergia-solidale-energia-pulita-al-servizio-della-comunita-1%2F%20||target:%20_blank|&#8221;][\/vc_column_inner][\/vc_row_inner][gb_vc_divider][\/vc_column][\/vc_row][vc_row css_animation=&#8221;fadeInUp&#8221; el_id=&#8221;donation&#8221; css=&#8221;.vc_custom_1733913260234{background-color: #ffffff !important;}&#8221;][vc_column][vc_row_inner adviva_container_wrap=&#8221;si&#8221; content_placement=&#8221;middle&#8221;][vc_column_inner width=&#8221;1\/2&#8243;][vc_cta h2=&#8221;SUPPORT US WITH A DONATION&#8221; h2_font_container=&#8221;color:%23ffffff&#8221; h2_google_fonts=&#8221;font_family:Lato%3A100%2C100italic%2C300%2C300italic%2Cregular%2Citalic%2C700%2C700italic%2C900%2C900italic|font_style:900%20bold%20regular%3A900%3Anormal&#8221; use_custom_fonts_h2=&#8221;true&#8221; css=&#8221;.vc_custom_1733913323103{background-color: #fbb900 !important;}&#8221;]<span style=\"color: #ffffff;\"><strong>Your support will not be a short-lived help, instead, it will be used to generate opportunities of autonomy and empowerment in the lives of the people we care for, so that they become independent and able to build their own future.<\/strong><\/span>[\/vc_cta][vc_btn title=&#8221;RECURRING DONATION&#8221; style=&#8221;outline-custom&#8221; outline_custom_color=&#8221;#fbb900&#8243; outline_custom_hover_background=&#8221;#fbb900&#8243; outline_custom_hover_text=&#8221;#ffffff&#8221; size=&#8221;lg&#8221; align=&#8221;right&#8221; i_icon_fontawesome=&#8221;fa fa-arrow-right&#8221; button_block=&#8221;true&#8221; add_icon=&#8221;true&#8221; link=&#8221;url:https%3A%2F%2Fwww.paypal.com%2Fdonate%2F%3Fhosted_button_id%3D92CZFFJCNAJ3W|||&#8221;][vc_btn title=&#8221;ONE-TIME DONATION&#8221; style=&#8221;outline-custom&#8221; outline_custom_color=&#8221;#fbb900&#8243; outline_custom_hover_background=&#8221;#fbb900&#8243; outline_custom_hover_text=&#8221;#ffffff&#8221; size=&#8221;lg&#8221; align=&#8221;right&#8221; i_icon_fontawesome=&#8221;fa fa-arrow-right&#8221; button_block=&#8221;true&#8221; add_icon=&#8221;true&#8221; link=&#8221;url:https%3A%2F%2Fwww.paypal.com%2Fdonate%2F%3Fhosted_button_id%3D92CZFFJCNAJ3W|||&#8221;][vc_toggle title=&#8221;BANK TRANSFER&#8221;]<span><strong>Iban:<\/strong><\/span><br \/>\n<span>IT46S0876924400000000000158<\/span><br \/>\n<span><strong>Payable to:<\/strong><\/span><br \/>\n<span>On the Road Societ\u00e0 Cooperativa Sociale<\/span><br \/>\n<span>Contrada San Giovanni n.2<\/span><br \/>\n<span>63074 San Benedetto del Tronto<\/span>[\/vc_toggle][vc_toggle title=&#8221;DEDUCTIONS&#8221;]<span><\/span><strong>Donations to On the Road are tax-deductible<\/strong> under current regulations, provided they are traceable. This means they must be made via bank transfer, postal order, bank or cashier\u2019s check payable to <em>On the Road Societ\u00e0 Cooperativa Sociale<\/em>, <strong>with the reference \u201cfree disbursement\u201d and accompanied by a specific request for a receipt from the donor.<\/strong>[\/vc_toggle][\/vc_column_inner][vc_column_inner width=&#8221;1\/2&#8243;][vc_single_image image=&#8221;12538&#8243; img_size=&#8221;full&#8221;][\/vc_column_inner][\/vc_row_inner][\/vc_column][\/vc_row]<\/p>\n","protected":false},"excerpt":{"rendered":"<p>[vc_row css_animation=&#8221;fadeInUp&#8221; css=&#8221;.vc_custom_1733908188389{background-color: #ffffff !important;}&#8221;][vc_column][vc_single_image image=&#8221;12536&#8243; img_size=&#8221;full&#8221; alignment=&#8221;center&#8221; css_animation=&#8221;fadeIn&#8221;][\/vc_column][\/vc_row][vc_row css_animation=&#8221;fadeInUp&#8221;..<\/p>\n<p class=\"adv_readmore\"><a class=\"adv_moretag\" href=\"https:\/\/www.ontheroad.coop\/en\/support-us\/\">+ LEGGI<\/a><\/p>\n","protected":false},"author":6,"featured_media":0,"parent":0,"menu_order":0,"comment_status":"closed","ping_status":"closed","template":"","meta":{"_eb_attr":""},"acf":[],"yoast_head":"<!-- This site is optimized with the Yoast SEO plugin v20.4 - https:\/\/yoast.com\/wordpress\/plugins\/seo\/ -->\n<title>Support us - On The Road Cooperativa Sociale<\/title>\n<meta name=\"robots\" content=\"index, follow, max-snippet:-1, max-image-preview:large, max-video-preview:-1\" \/>\n<link rel=\"canonical\" href=\"https:\/\/www.ontheroad.coop\/en\/support-us\/\" \/>\n<meta property=\"og:locale\" content=\"en_US\" \/>\n<meta property=\"og:type\" content=\"article\" \/>\n<meta property=\"og:title\" content=\"Support us - On The Road Cooperativa Sociale\" \/>\n<meta property=\"og:description\" content=\"[vc_row css_animation=&#8221;fadeInUp&#8221; css=&#8221;.vc_custom_1733908188389{background-color: #ffffff !important;}&#8221;][vc_column][vc_single_image image=&#8221;12536&#8243; img_size=&#8221;full&#8221; alignment=&#8221;center&#8221; css_animation=&#8221;fadeIn&#8221;][\/vc_column][\/vc_row][vc_row css_animation=&#8221;fadeInUp&#8221;..+ LEGGI\" \/>\n<meta property=\"og:url\" content=\"https:\/\/www.ontheroad.coop\/en\/support-us\/\" \/>\n<meta property=\"og:site_name\" content=\"On The Road Cooperativa Sociale\" \/>\n<meta property=\"article:modified_time\" content=\"2024-12-11T10:35:25+00:00\" \/>\n<meta name=\"twitter:card\" content=\"summary_large_image\" \/>\n<meta name=\"twitter:label1\" content=\"Est. reading time\" \/>\n\t<meta name=\"twitter:data1\" content=\"3 minutes\" \/>\n<script type=\"application\/ld+json\" class=\"yoast-schema-graph\">{\"@context\":\"https:\/\/schema.org\",\"@graph\":[{\"@type\":\"WebPage\",\"@id\":\"https:\/\/www.ontheroad.coop\/en\/support-us\/\",\"url\":\"https:\/\/www.ontheroad.coop\/en\/support-us\/\",\"name\":\"Support us - On The Road Cooperativa Sociale\",\"isPartOf\":{\"@id\":\"https:\/\/www.ontheroad.coop\/#website\"},\"datePublished\":\"2017-11-07T18:05:36+00:00\",\"dateModified\":\"2024-12-11T10:35:25+00:00\",\"breadcrumb\":{\"@id\":\"https:\/\/www.ontheroad.coop\/en\/support-us\/#breadcrumb\"},\"inLanguage\":\"en-US\",\"potentialAction\":[{\"@type\":\"ReadAction\",\"target\":[\"https:\/\/www.ontheroad.coop\/en\/support-us\/\"]}]},{\"@type\":\"BreadcrumbList\",\"@id\":\"https:\/\/www.ontheroad.coop\/en\/support-us\/#breadcrumb\",\"itemListElement\":[{\"@type\":\"ListItem\",\"position\":1,\"name\":\"Home\",\"item\":\"https:\/\/www.ontheroad.coop\/en\/\"},{\"@type\":\"ListItem\",\"position\":2,\"name\":\"Support us\"}]},{\"@type\":\"WebSite\",\"@id\":\"https:\/\/www.ontheroad.coop\/#website\",\"url\":\"https:\/\/www.ontheroad.coop\/\",\"name\":\"On The Road Cooperativa Sociale\",\"description\":\"\",\"potentialAction\":[{\"@type\":\"SearchAction\",\"target\":{\"@type\":\"EntryPoint\",\"urlTemplate\":\"https:\/\/www.ontheroad.coop\/?s={search_term_string}\"},\"query-input\":\"required name=search_term_string\"}],\"inLanguage\":\"en-US\"}]}<\/script>\n<!-- \/ Yoast SEO plugin. -->","yoast_head_json":{"title":"Support us - On The Road Cooperativa Sociale","robots":{"index":"index","follow":"follow","max-snippet":"max-snippet:-1","max-image-preview":"max-image-preview:large","max-video-preview":"max-video-preview:-1"},"canonical":"https:\/\/www.ontheroad.coop\/en\/support-us\/","og_locale":"en_US","og_type":"article","og_title":"Support us - On The Road Cooperativa Sociale","og_description":"[vc_row css_animation=&#8221;fadeInUp&#8221; css=&#8221;.vc_custom_1733908188389{background-color: #ffffff !important;}&#8221;][vc_column][vc_single_image image=&#8221;12536&#8243; img_size=&#8221;full&#8221; alignment=&#8221;center&#8221; css_animation=&#8221;fadeIn&#8221;][\/vc_column][\/vc_row][vc_row css_animation=&#8221;fadeInUp&#8221;..+ LEGGI","og_url":"https:\/\/www.ontheroad.coop\/en\/support-us\/","og_site_name":"On The Road Cooperativa Sociale","article_modified_time":"2024-12-11T10:35:25+00:00","twitter_card":"summary_large_image","twitter_misc":{"Est. reading time":"3 minutes"},"schema":{"@context":"https:\/\/schema.org","@graph":[{"@type":"WebPage","@id":"https:\/\/www.ontheroad.coop\/en\/support-us\/","url":"https:\/\/www.ontheroad.coop\/en\/support-us\/","name":"Support us - On The Road Cooperativa Sociale","isPartOf":{"@id":"https:\/\/www.ontheroad.coop\/#website"},"datePublished":"2017-11-07T18:05:36+00:00","dateModified":"2024-12-11T10:35:25+00:00","breadcrumb":{"@id":"https:\/\/www.ontheroad.coop\/en\/support-us\/#breadcrumb"},"inLanguage":"en-US","potentialAction":[{"@type":"ReadAction","target":["https:\/\/www.ontheroad.coop\/en\/support-us\/"]}]},{"@type":"BreadcrumbList","@id":"https:\/\/www.ontheroad.coop\/en\/support-us\/#breadcrumb","itemListElement":[{"@type":"ListItem","position":1,"name":"Home","item":"https:\/\/www.ontheroad.coop\/en\/"},{"@type":"ListItem","position":2,"name":"Support us"}]},{"@type":"WebSite","@id":"https:\/\/www.ontheroad.coop\/#website","url":"https:\/\/www.ontheroad.coop\/","name":"On The Road Cooperativa Sociale","description":"","potentialAction":[{"@type":"SearchAction","target":{"@type":"EntryPoint","urlTemplate":"https:\/\/www.ontheroad.coop\/?s={search_term_string}"},"query-input":"required name=search_term_string"}],"inLanguage":"en-US"}]}},"_links":{"self":[{"href":"https:\/\/www.ontheroad.coop\/en\/wp-json\/wp\/v2\/pages\/4753\/"}],"collection":[{"href":"https:\/\/www.ontheroad.coop\/en\/wp-json\/wp\/v2\/pages\/"}],"about":[{"href":"https:\/\/www.ontheroad.coop\/en\/wp-json\/wp\/v2\/types\/page\/"}],"author":[{"embeddable":true,"href":"https:\/\/www.ontheroad.coop\/en\/wp-json\/wp\/v2\/users\/6\/"}],"replies":[{"embeddable":true,"href":"https:\/\/www.ontheroad.coop\/en\/wp-json\/wp\/v2\/comments\/?post=4753"}],"version-history":[{"count":11,"href":"https:\/\/www.ontheroad.coop\/en\/wp-json\/wp\/v2\/pages\/4753\/revisions\/"}],"predecessor-version":[{"id":12541,"href":"https:\/\/www.ontheroad.coop\/en\/wp-json\/wp\/v2\/pages\/4753\/revisions\/12541\/"}],"wp:attachment":[{"href":"https:\/\/www.ontheroad.coop\/en\/wp-json\/wp\/v2\/media\/?parent=4753"}],"curies":[{"name":"wp","href":"https:\/\/api.w.org\/{rel}","templated":true}]}}