{"id":4762,"date":"2017-07-21T10:00:39","date_gmt":"2017-07-21T08:00:39","guid":{"rendered":"http:\/\/www.ontheroad.coop\/cms\/chi-siamo\/"},"modified":"2020-07-01T17:14:45","modified_gmt":"2020-07-01T15:14:45","slug":"who-we-are","status":"publish","type":"page","link":"https:\/\/www.ontheroad.coop\/en\/who-we-are\/","title":{"rendered":"Who we are"},"content":{"rendered":"<p>[vc_row][vc_column css_animation=&#8221;fadeInUp&#8221;][vc_row_inner adviva_container_wrap=&#8221;si&#8221;][vc_column_inner el_class=&#8221;primary-ambiti-page&#8221; width=&#8221;2\/3&#8243;][gb_vc_titolo titolo=&#8221;WHO WE ARE&#8221;][vc_column_text]On the Road Societ\u00e0 Cooperativa Sociale has been working since 1994 to <strong>protect human and civil rights of women, men, and children<\/strong> through an approach based on the person being at centre of attention, <span tabindex='0' class='glossary-item-container'>empowerment<span class='glossary-item-hidden-content'><span class='glossary-item-header'>Empowerment<\/span> <span class='glossary-item-description'>L\u2019<strong>empowerment<\/strong>, in italiano \u201cpotenziamento\u201d, rappresenta un modello di servizio sociale attivo che consente a persone, organizzazioni, comunit\u00e0, di valorizzare le proprie abilit\u00e0 e individuare risorse aggiuntive in s\u00e9 stesse, nel proprio gruppo o nel proprio ambiente sociale, al fine di migliorare proattivamente l\u2019equit\u00e0 e la qualit\u00e0 della propria vita.<\/span><\/span><\/span>, and social inclusion.<\/p>\n<p>We work in the protection and promotion of human rights, in the fight against discrimination, exploitation and inequalities that are the cause of exclusion.<\/p>\n<p><strong>We are based in the regions of Marche, Abruzzo, and Molise<\/strong>, focusing our intervention on the following areas: Trafficking and Exploitation, Migrant Reception, Gender Violence, Extreme Poverty, Training and Employment, International Cooperation.<\/p>\n<p>We believe in <strong>free emancipation from social assistance<\/strong> and in a possible integration for a richer, more open, solidarity-based, and aware community.<\/p>\n<p><a href=\"http:\/\/www.ontheroad.coop\/en\/intervention-areas\/\">Find out how we operate<\/a>[\/vc_column_text][vc_column_text]<\/p>\n<div class=\"gb_vc_titolo standard\">\n<h1 class=\"title\">THE HISTORY OF ON THE ROAD<\/h1>\n<\/div>\n<div class=\"wpb_text_column wpb_content_element \">\n<div class=\"wpb_wrapper\">\n<p>&nbsp;<\/p>\n<p>We established ourselves as a<span>\u00a0<\/span><strong>voluntary association<\/strong><span>\u00a0<\/span>in 1994 in order to respond to the increase in the number of women forced to prostitute in the \u201cBonifica del Tronto\u201d area, on the border between Marche and Abruzzo regions.<\/p>\n<p>Over the years, we have been able to create a structured organization that, through to the economic support of public institutions, has been able to guarantee<span>\u00a0<\/span><strong>the support of professionally qualified operators<\/strong>.<\/p>\n<p>We are now a <strong>Social Cooperative<\/strong><span>\u00a0<\/span>(non-profit organization)<span>\u00a0<\/span><strong>consisting of about 50 people<\/strong><span>\u00a0<\/span>working on projects to support women, men and transgender people, both adults and children, under conditions of high vulnerability as being victims of violence, discrimination, and social exclusion, and who are subject to restrictions on the exercise of their rights and individual freedom.<\/p>\n<\/div>\n<\/div>\n<p>[\/vc_column_text][gb_vc_divider][vc_single_image image=&#8221;8319&#8243; img_size=&#8221;large&#8221;][\/vc_column_inner][vc_column_inner el_class=&#8221;sidebar-ambiti-page&#8221; width=&#8221;1\/3&#8243; offset=&#8221;vc_col-xs-12&#8243;][vc_wp_custommenu nav_menu=&#8221;9&#8243;][gb_vc_pulsante label=&#8221;CONTACTS&#8221; link=&#8221;url:http%3A%2F%2Fwww.ontheroad.coop%2Fen%2Fcontacts%2F|||&#8221; colore=&#8221;yellow&#8221; dimensione=&#8221;full-width&#8221;][\/vc_column_inner][\/vc_row_inner][\/vc_column][\/vc_row][vc_row][vc_column css_animation=&#8221;none&#8221;][vc_row_inner][vc_column_inner][gb_vc_titolo titolo=&#8221;Related Posts:&#8221; tag=&#8221;div&#8221; modello=&#8221;standard_centrato&#8221;][gb_vc_latest_blog slug_ambito=&#8221;ultimi&#8221;][\/vc_column_inner][\/vc_row_inner][\/vc_column][\/vc_row]<\/p>\n","protected":false},"excerpt":{"rendered":"<p>[vc_row][vc_column css_animation=&#8221;fadeInUp&#8221;][vc_row_inner adviva_container_wrap=&#8221;si&#8221;][vc_column_inner el_class=&#8221;primary-ambiti-page&#8221; width=&#8221;2\/3&#8243;][gb_vc_titolo titolo=&#8221;WHO WE ARE&#8221;][vc_column_text]On the Road..<\/p>\n<p class=\"adv_readmore\"><a class=\"adv_moretag\" href=\"https:\/\/www.ontheroad.coop\/en\/who-we-are\/\">+ LEGGI<\/a><\/p>\n","protected":false},"author":1,"featured_media":0,"parent":0,"menu_order":0,"comment_status":"closed","ping_status":"closed","template":"","meta":{"_eb_attr":""},"acf":[],"yoast_head":"<!-- This site is optimized with the Yoast SEO plugin v20.4 - https:\/\/yoast.com\/wordpress\/plugins\/seo\/ -->\n<title>Who we are - On The Road Cooperativa Sociale<\/title>\n<meta name=\"robots\" content=\"index, follow, max-snippet:-1, max-image-preview:large, max-video-preview:-1\" \/>\n<link rel=\"canonical\" href=\"https:\/\/www.ontheroad.coop\/en\/who-we-are\/\" \/>\n<meta property=\"og:locale\" content=\"en_US\" \/>\n<meta property=\"og:type\" content=\"article\" \/>\n<meta property=\"og:title\" content=\"Who we are - On The Road Cooperativa Sociale\" \/>\n<meta property=\"og:description\" content=\"[vc_row][vc_column css_animation=&#8221;fadeInUp&#8221;][vc_row_inner adviva_container_wrap=&#8221;si&#8221;][vc_column_inner el_class=&#8221;primary-ambiti-page&#8221; width=&#8221;2\/3&#8243;][gb_vc_titolo titolo=&#8221;WHO WE ARE&#8221;][vc_column_text]On the Road..+ LEGGI\" \/>\n<meta property=\"og:url\" content=\"https:\/\/www.ontheroad.coop\/en\/who-we-are\/\" \/>\n<meta property=\"og:site_name\" content=\"On The Road Cooperativa Sociale\" \/>\n<meta property=\"article:modified_time\" content=\"2020-07-01T15:14:45+00:00\" \/>\n<meta name=\"twitter:card\" content=\"summary_large_image\" \/>\n<meta name=\"twitter:label1\" content=\"Est. reading time\" \/>\n\t<meta name=\"twitter:data1\" content=\"2 minutes\" \/>\n<script type=\"application\/ld+json\" class=\"yoast-schema-graph\">{\"@context\":\"https:\/\/schema.org\",\"@graph\":[{\"@type\":\"WebPage\",\"@id\":\"https:\/\/www.ontheroad.coop\/en\/who-we-are\/\",\"url\":\"https:\/\/www.ontheroad.coop\/en\/who-we-are\/\",\"name\":\"Who we are - On The Road Cooperativa Sociale\",\"isPartOf\":{\"@id\":\"https:\/\/www.ontheroad.coop\/#website\"},\"datePublished\":\"2017-07-21T08:00:39+00:00\",\"dateModified\":\"2020-07-01T15:14:45+00:00\",\"breadcrumb\":{\"@id\":\"https:\/\/www.ontheroad.coop\/en\/who-we-are\/#breadcrumb\"},\"inLanguage\":\"en-US\",\"potentialAction\":[{\"@type\":\"ReadAction\",\"target\":[\"https:\/\/www.ontheroad.coop\/en\/who-we-are\/\"]}]},{\"@type\":\"BreadcrumbList\",\"@id\":\"https:\/\/www.ontheroad.coop\/en\/who-we-are\/#breadcrumb\",\"itemListElement\":[{\"@type\":\"ListItem\",\"position\":1,\"name\":\"Home\",\"item\":\"https:\/\/www.ontheroad.coop\/en\/\"},{\"@type\":\"ListItem\",\"position\":2,\"name\":\"Who we are\"}]},{\"@type\":\"WebSite\",\"@id\":\"https:\/\/www.ontheroad.coop\/#website\",\"url\":\"https:\/\/www.ontheroad.coop\/\",\"name\":\"On The Road Cooperativa Sociale\",\"description\":\"\",\"potentialAction\":[{\"@type\":\"SearchAction\",\"target\":{\"@type\":\"EntryPoint\",\"urlTemplate\":\"https:\/\/www.ontheroad.coop\/?s={search_term_string}\"},\"query-input\":\"required name=search_term_string\"}],\"inLanguage\":\"en-US\"}]}<\/script>\n<!-- \/ Yoast SEO plugin. -->","yoast_head_json":{"title":"Who we are - On The Road Cooperativa Sociale","robots":{"index":"index","follow":"follow","max-snippet":"max-snippet:-1","max-image-preview":"max-image-preview:large","max-video-preview":"max-video-preview:-1"},"canonical":"https:\/\/www.ontheroad.coop\/en\/who-we-are\/","og_locale":"en_US","og_type":"article","og_title":"Who we are - On The Road Cooperativa Sociale","og_description":"[vc_row][vc_column css_animation=&#8221;fadeInUp&#8221;][vc_row_inner adviva_container_wrap=&#8221;si&#8221;][vc_column_inner el_class=&#8221;primary-ambiti-page&#8221; width=&#8221;2\/3&#8243;][gb_vc_titolo titolo=&#8221;WHO WE ARE&#8221;][vc_column_text]On the Road..+ LEGGI","og_url":"https:\/\/www.ontheroad.coop\/en\/who-we-are\/","og_site_name":"On The Road Cooperativa Sociale","article_modified_time":"2020-07-01T15:14:45+00:00","twitter_card":"summary_large_image","twitter_misc":{"Est. reading time":"2 minutes"},"schema":{"@context":"https:\/\/schema.org","@graph":[{"@type":"WebPage","@id":"https:\/\/www.ontheroad.coop\/en\/who-we-are\/","url":"https:\/\/www.ontheroad.coop\/en\/who-we-are\/","name":"Who we are - On The Road Cooperativa Sociale","isPartOf":{"@id":"https:\/\/www.ontheroad.coop\/#website"},"datePublished":"2017-07-21T08:00:39+00:00","dateModified":"2020-07-01T15:14:45+00:00","breadcrumb":{"@id":"https:\/\/www.ontheroad.coop\/en\/who-we-are\/#breadcrumb"},"inLanguage":"en-US","potentialAction":[{"@type":"ReadAction","target":["https:\/\/www.ontheroad.coop\/en\/who-we-are\/"]}]},{"@type":"BreadcrumbList","@id":"https:\/\/www.ontheroad.coop\/en\/who-we-are\/#breadcrumb","itemListElement":[{"@type":"ListItem","position":1,"name":"Home","item":"https:\/\/www.ontheroad.coop\/en\/"},{"@type":"ListItem","position":2,"name":"Who we are"}]},{"@type":"WebSite","@id":"https:\/\/www.ontheroad.coop\/#website","url":"https:\/\/www.ontheroad.coop\/","name":"On The Road Cooperativa Sociale","description":"","potentialAction":[{"@type":"SearchAction","target":{"@type":"EntryPoint","urlTemplate":"https:\/\/www.ontheroad.coop\/?s={search_term_string}"},"query-input":"required name=search_term_string"}],"inLanguage":"en-US"}]}},"_links":{"self":[{"href":"https:\/\/www.ontheroad.coop\/en\/wp-json\/wp\/v2\/pages\/4762\/"}],"collection":[{"href":"https:\/\/www.ontheroad.coop\/en\/wp-json\/wp\/v2\/pages\/"}],"about":[{"href":"https:\/\/www.ontheroad.coop\/en\/wp-json\/wp\/v2\/types\/page\/"}],"author":[{"embeddable":true,"href":"https:\/\/www.ontheroad.coop\/en\/wp-json\/wp\/v2\/users\/1\/"}],"replies":[{"embeddable":true,"href":"https:\/\/www.ontheroad.coop\/en\/wp-json\/wp\/v2\/comments\/?post=4762"}],"version-history":[{"count":12,"href":"https:\/\/www.ontheroad.coop\/en\/wp-json\/wp\/v2\/pages\/4762\/revisions\/"}],"predecessor-version":[{"id":8582,"href":"https:\/\/www.ontheroad.coop\/en\/wp-json\/wp\/v2\/pages\/4762\/revisions\/8582\/"}],"wp:attachment":[{"href":"https:\/\/www.ontheroad.coop\/en\/wp-json\/wp\/v2\/media\/?parent=4762"}],"curies":[{"name":"wp","href":"https:\/\/api.w.org\/{rel}","templated":true}]}}