{"id":4774,"date":"2017-07-25T11:17:14","date_gmt":"2017-07-25T09:17:14","guid":{"rendered":"http:\/\/www.ontheroad.coop\/cms\/violenza-di-genere\/"},"modified":"2017-11-24T11:47:09","modified_gmt":"2017-11-24T10:47:09","slug":"gender-violence","status":"publish","type":"page","link":"https:\/\/www.ontheroad.coop\/en\/intervention-areas\/gender-violence\/","title":{"rendered":"Gender violence"},"content":{"rendered":"<p>[vc_row][vc_column css_animation=&#8221;fadeInUp&#8221;][vc_row_inner adviva_container_wrap=&#8221;si&#8221;][vc_column_inner el_class=&#8221;primary-ambiti-page&#8221; width=&#8221;2\/3&#8243;][gb_vc_introduzione_pagina intro_titolo=&#8221;GENDER VIOLENCE&#8221; intro_descrizione=&#8221;We promote women&#8217;s self-determination and <span tabindex='0' class='glossary-item-container'>empowerment<span class='glossary-item-hidden-content'><span class='glossary-item-header'>Empowerment<\/span> <span class='glossary-item-description'>L\u2019<strong>empowerment<\/strong>, in italiano \u201cpotenziamento\u201d, rappresenta un modello di servizio sociale attivo che consente a persone, organizzazioni, comunit\u00e0, di valorizzare le proprie abilit\u00e0 e individuare risorse aggiuntive in s\u00e9 stesse, nel proprio gruppo o nel proprio ambiente sociale, al fine di migliorare proattivamente l\u2019equit\u00e0 e la qualit\u00e0 della propria vita.<\/span><\/span><\/span> in order to get to know, prevent, make visible and overcome gender violence.&#8221;][vc_column_text]<\/p>\n<h2>THE PHENOMENON<\/h2>\n<p>Discrimination, marginalization and abuse against women are a <strong>widespread, serious and complex socio-cultural phenomenon<\/strong> perpetrated against women as such.<\/p>\n<p>Gender violence is a <strong>violation of human rights and a form of discrimination against women<\/strong>. It includes all forms of gender-based violence that cause physical, sexual, psychological, economic and social harm.<\/p>\n<p>This is a phenomenon that only through specific skills and methodologies can be effectively hindered.<\/p>\n<h2>HOW WE OPERATE<\/h2>\n<h3>Anti-violence Centres<\/h3>\n<p>Our anti-violence centres are <strong>areas of listening, sharing and support<\/strong> for women who were victims of gender violence. Here they can find direct reception and telephone counselling, legal advising, psychological counselling, support for social and health services.<\/p>\n<h3>Shelter Home<\/h3>\n<p>The shelter home is designed to <strong>provide women with a safe place<\/strong> to escape from violence of their (former) partners and to protect themselves from danger situations.<br \/>\nIt is a place where it is possible to get away emotionally and materially from the violent relationship and where psychological serenity can be rebuild with autonomy.<br \/>\nThe home guarantees <strong>security and hospitality<\/strong> to female victims of violence and to their children.<\/p>\n<h3>Social Awareness<\/h3>\n<p>We are always committed to carry out educational and entertainment projects, communication and local awareness activities, because we consider prevention a key element to effectively fight gender-based violence.<\/p>\n<p>We promote women&#8217;s rights through <strong>information and awareness-raising campaigns<\/strong>, so that a society without gender-based violence will be built exclusively through the contribution of knowledgeable and informed citizens. [\/vc_column_text][gb_vc_social_share adv_social_share=&#8221;facebook,twitter&#8221;][\/vc_column_inner][vc_column_inner el_class=&#8221;sidebar-ambiti-page&#8221; width=&#8221;1\/3&#8243;][gb_vc_dettagli_ambito image_id=&#8221;4361&#8243;]<strong>6,8 MILLION <\/strong><\/p>\n<p>WOMEN HAVE SUFFERED VIOLENCE DURING THEIR LIFE IN ITALY<\/p>\n<p>&nbsp;<\/p>\n<p><strong>62,7%<\/strong><\/p>\n<p>RAPES COMMITTED BY CURRENT OR FORMER PARTNERS<\/p>\n<p>&nbsp;<\/p>\n<p><strong>550<\/strong><\/p>\n<p>WOMEN WHO HAVE RECEIVED SUPPORT IN OUR ANTI-VIOLENCE CENTRES[\/gb_vc_dettagli_ambito][gb_vc_pulsante label=&#8221;PROJECTS&#8221; link=&#8221;url:http%3A%2F%2Fwww.ontheroad.coop%2Fen%2Ftag%2Fviolence%2F|||&#8221; colore=&#8221;yellow&#8221; dimensione=&#8221;full-width&#8221;][gb_vc_pulsante label=&#8221;CONTACTS&#8221; link=&#8221;url:http%3A%2F%2Fwww.ontheroad.coop%2Fen%2Fcontacts%2F%3Fsa%3Dcontatti_violenza|||&#8221; colore=&#8221;yellow&#8221; dimensione=&#8221;full-width&#8221;][gb_vc_divider][vc_single_image image=&#8221;4647&#8243; img_size=&#8221;full&#8221; alignment=&#8221;center&#8221; onclick=&#8221;custom_link&#8221; css=&#8221;.vc_custom_1510227356611{padding-top: 10px !important;padding-bottom: 10px !important;background-color: #ffffff !important;}&#8221; link=&#8221;http:\/\/www.pariopportunita.gov.it\/contro-la-violenza-sessuale-e-di-genere\/numero-verde-1522\/&#8221;][\/vc_column_inner][\/vc_row_inner][\/vc_column][\/vc_row][vc_row][vc_column css_animation=&#8221;fadeInUp&#8221;][vc_row_inner][vc_column_inner][gb_vc_titolo titolo=&#8221;Related Posts:&#8221; tag=&#8221;div&#8221; modello=&#8221;standard_centrato&#8221;][gb_vc_latest_blog slug_ambito=&#8221;violenza&#8221;][\/vc_column_inner][\/vc_row_inner][\/vc_column][\/vc_row]<\/p>\n","protected":false},"excerpt":{"rendered":"<p>[vc_row][vc_column css_animation=&#8221;fadeInUp&#8221;][vc_row_inner adviva_container_wrap=&#8221;si&#8221;][vc_column_inner el_class=&#8221;primary-ambiti-page&#8221; width=&#8221;2\/3&#8243;][gb_vc_introduzione_pagina intro_titolo=&#8221;GENDER VIOLENCE&#8221; intro_descrizione=&#8221;We promote women&#8217;s..<\/p>\n<p class=\"adv_readmore\"><a class=\"adv_moretag\" href=\"https:\/\/www.ontheroad.coop\/en\/intervention-areas\/gender-violence\/\">+ LEGGI<\/a><\/p>\n","protected":false},"author":1,"featured_media":6846,"parent":4824,"menu_order":0,"comment_status":"closed","ping_status":"closed","template":"","meta":{"_eb_attr":""},"acf":[],"yoast_head":"<!-- This site is optimized with the Yoast SEO plugin v20.4 - https:\/\/yoast.com\/wordpress\/plugins\/seo\/ -->\n<title>Gender violence - On The Road Cooperativa Sociale<\/title>\n<meta name=\"robots\" content=\"index, follow, max-snippet:-1, max-image-preview:large, max-video-preview:-1\" \/>\n<link rel=\"canonical\" href=\"https:\/\/www.ontheroad.coop\/en\/intervention-areas\/gender-violence\/\" \/>\n<meta property=\"og:locale\" content=\"en_US\" \/>\n<meta property=\"og:type\" content=\"article\" \/>\n<meta property=\"og:title\" content=\"Gender violence - On The Road Cooperativa Sociale\" \/>\n<meta property=\"og:description\" content=\"[vc_row][vc_column css_animation=&#8221;fadeInUp&#8221;][vc_row_inner adviva_container_wrap=&#8221;si&#8221;][vc_column_inner el_class=&#8221;primary-ambiti-page&#8221; width=&#8221;2\/3&#8243;][gb_vc_introduzione_pagina intro_titolo=&#8221;GENDER VIOLENCE&#8221; intro_descrizione=&#8221;We promote women&#8217;s..+ LEGGI\" \/>\n<meta property=\"og:url\" content=\"https:\/\/www.ontheroad.coop\/en\/intervention-areas\/gender-violence\/\" \/>\n<meta property=\"og:site_name\" content=\"On The Road Cooperativa Sociale\" \/>\n<meta property=\"article:modified_time\" content=\"2017-11-24T10:47:09+00:00\" \/>\n<meta property=\"og:image\" content=\"https:\/\/www.ontheroad.coop\/cms\/wp-content\/uploads\/2017\/07\/violenza_genere.png\" \/>\n\t<meta property=\"og:image:width\" content=\"290\" \/>\n\t<meta property=\"og:image:height\" content=\"290\" \/>\n\t<meta property=\"og:image:type\" content=\"image\/png\" \/>\n<meta name=\"twitter:card\" content=\"summary_large_image\" \/>\n<meta name=\"twitter:label1\" content=\"Est. reading time\" \/>\n\t<meta name=\"twitter:data1\" content=\"2 minutes\" \/>\n<script type=\"application\/ld+json\" class=\"yoast-schema-graph\">{\"@context\":\"https:\/\/schema.org\",\"@graph\":[{\"@type\":\"WebPage\",\"@id\":\"https:\/\/www.ontheroad.coop\/en\/intervention-areas\/gender-violence\/\",\"url\":\"https:\/\/www.ontheroad.coop\/en\/intervention-areas\/gender-violence\/\",\"name\":\"Gender violence - On The Road Cooperativa Sociale\",\"isPartOf\":{\"@id\":\"https:\/\/www.ontheroad.coop\/#website\"},\"datePublished\":\"2017-07-25T09:17:14+00:00\",\"dateModified\":\"2017-11-24T10:47:09+00:00\",\"breadcrumb\":{\"@id\":\"https:\/\/www.ontheroad.coop\/en\/intervention-areas\/gender-violence\/#breadcrumb\"},\"inLanguage\":\"en-US\",\"potentialAction\":[{\"@type\":\"ReadAction\",\"target\":[\"https:\/\/www.ontheroad.coop\/en\/intervention-areas\/gender-violence\/\"]}]},{\"@type\":\"BreadcrumbList\",\"@id\":\"https:\/\/www.ontheroad.coop\/en\/intervention-areas\/gender-violence\/#breadcrumb\",\"itemListElement\":[{\"@type\":\"ListItem\",\"position\":1,\"name\":\"Home\",\"item\":\"https:\/\/www.ontheroad.coop\/en\/\"},{\"@type\":\"ListItem\",\"position\":2,\"name\":\"Intervention areas\",\"item\":\"https:\/\/www.ontheroad.coop\/en\/intervention-areas\/\"},{\"@type\":\"ListItem\",\"position\":3,\"name\":\"Gender violence\"}]},{\"@type\":\"WebSite\",\"@id\":\"https:\/\/www.ontheroad.coop\/#website\",\"url\":\"https:\/\/www.ontheroad.coop\/\",\"name\":\"On The Road Cooperativa Sociale\",\"description\":\"\",\"potentialAction\":[{\"@type\":\"SearchAction\",\"target\":{\"@type\":\"EntryPoint\",\"urlTemplate\":\"https:\/\/www.ontheroad.coop\/?s={search_term_string}\"},\"query-input\":\"required name=search_term_string\"}],\"inLanguage\":\"en-US\"}]}<\/script>\n<!-- \/ Yoast SEO plugin. -->","yoast_head_json":{"title":"Gender violence - On The Road Cooperativa Sociale","robots":{"index":"index","follow":"follow","max-snippet":"max-snippet:-1","max-image-preview":"max-image-preview:large","max-video-preview":"max-video-preview:-1"},"canonical":"https:\/\/www.ontheroad.coop\/en\/intervention-areas\/gender-violence\/","og_locale":"en_US","og_type":"article","og_title":"Gender violence - On The Road Cooperativa Sociale","og_description":"[vc_row][vc_column css_animation=&#8221;fadeInUp&#8221;][vc_row_inner adviva_container_wrap=&#8221;si&#8221;][vc_column_inner el_class=&#8221;primary-ambiti-page&#8221; width=&#8221;2\/3&#8243;][gb_vc_introduzione_pagina intro_titolo=&#8221;GENDER VIOLENCE&#8221; intro_descrizione=&#8221;We promote women&#8217;s..+ LEGGI","og_url":"https:\/\/www.ontheroad.coop\/en\/intervention-areas\/gender-violence\/","og_site_name":"On The Road Cooperativa Sociale","article_modified_time":"2017-11-24T10:47:09+00:00","og_image":[{"width":290,"height":290,"url":"https:\/\/www.ontheroad.coop\/cms\/wp-content\/uploads\/2017\/07\/violenza_genere.png","type":"image\/png"}],"twitter_card":"summary_large_image","twitter_misc":{"Est. reading time":"2 minutes"},"schema":{"@context":"https:\/\/schema.org","@graph":[{"@type":"WebPage","@id":"https:\/\/www.ontheroad.coop\/en\/intervention-areas\/gender-violence\/","url":"https:\/\/www.ontheroad.coop\/en\/intervention-areas\/gender-violence\/","name":"Gender violence - On The Road Cooperativa Sociale","isPartOf":{"@id":"https:\/\/www.ontheroad.coop\/#website"},"datePublished":"2017-07-25T09:17:14+00:00","dateModified":"2017-11-24T10:47:09+00:00","breadcrumb":{"@id":"https:\/\/www.ontheroad.coop\/en\/intervention-areas\/gender-violence\/#breadcrumb"},"inLanguage":"en-US","potentialAction":[{"@type":"ReadAction","target":["https:\/\/www.ontheroad.coop\/en\/intervention-areas\/gender-violence\/"]}]},{"@type":"BreadcrumbList","@id":"https:\/\/www.ontheroad.coop\/en\/intervention-areas\/gender-violence\/#breadcrumb","itemListElement":[{"@type":"ListItem","position":1,"name":"Home","item":"https:\/\/www.ontheroad.coop\/en\/"},{"@type":"ListItem","position":2,"name":"Intervention areas","item":"https:\/\/www.ontheroad.coop\/en\/intervention-areas\/"},{"@type":"ListItem","position":3,"name":"Gender violence"}]},{"@type":"WebSite","@id":"https:\/\/www.ontheroad.coop\/#website","url":"https:\/\/www.ontheroad.coop\/","name":"On The Road Cooperativa Sociale","description":"","potentialAction":[{"@type":"SearchAction","target":{"@type":"EntryPoint","urlTemplate":"https:\/\/www.ontheroad.coop\/?s={search_term_string}"},"query-input":"required name=search_term_string"}],"inLanguage":"en-US"}]}},"_links":{"self":[{"href":"https:\/\/www.ontheroad.coop\/en\/wp-json\/wp\/v2\/pages\/4774\/"}],"collection":[{"href":"https:\/\/www.ontheroad.coop\/en\/wp-json\/wp\/v2\/pages\/"}],"about":[{"href":"https:\/\/www.ontheroad.coop\/en\/wp-json\/wp\/v2\/types\/page\/"}],"author":[{"embeddable":true,"href":"https:\/\/www.ontheroad.coop\/en\/wp-json\/wp\/v2\/users\/1\/"}],"replies":[{"embeddable":true,"href":"https:\/\/www.ontheroad.coop\/en\/wp-json\/wp\/v2\/comments\/?post=4774"}],"version-history":[{"count":9,"href":"https:\/\/www.ontheroad.coop\/en\/wp-json\/wp\/v2\/pages\/4774\/revisions\/"}],"predecessor-version":[{"id":4969,"href":"https:\/\/www.ontheroad.coop\/en\/wp-json\/wp\/v2\/pages\/4774\/revisions\/4969\/"}],"up":[{"embeddable":true,"href":"https:\/\/www.ontheroad.coop\/en\/wp-json\/wp\/v2\/pages\/4824\/"}],"wp:featuredmedia":[{"embeddable":true,"href":"https:\/\/www.ontheroad.coop\/en\/wp-json\/wp\/v2\/media\/6846\/"}],"wp:attachment":[{"href":"https:\/\/www.ontheroad.coop\/en\/wp-json\/wp\/v2\/media\/?parent=4774"}],"curies":[{"name":"wp","href":"https:\/\/api.w.org\/{rel}","templated":true}]}}