{"id":4787,"date":"2017-08-03T12:35:08","date_gmt":"2017-08-03T10:35:08","guid":{"rendered":"http:\/\/www.ontheroad.coop\/cms\/salute-mentale\/"},"modified":"2017-11-24T11:53:44","modified_gmt":"2017-11-24T10:53:44","slug":"mental-health","status":"publish","type":"page","link":"https:\/\/www.ontheroad.coop\/en\/intervention-areas\/mental-health\/","title":{"rendered":"Mental Health"},"content":{"rendered":"<p>[vc_row][vc_column css_animation=&#8221;fadeInUp&#8221;][vc_row_inner adviva_container_wrap=&#8221;si&#8221;][vc_column_inner el_class=&#8221;primary-ambiti-page&#8221; width=&#8221;2\/3&#8243;][gb_vc_introduzione_pagina intro_titolo=&#8221;MENTAL HEALTH&#8221; intro_descrizione=&#8221;People. Women and men with psychological disorders of diverse nature and evolution who have the right to enjoy equal opportunities and full inclusion in society.&#8221;][vc_column_text]<\/p>\n<h2>THE PHENOMENON<\/h2>\n<p>Mental discomfort is a disease affecting the behavioural, relational, cognitive or affective sphere of a person, causing them a strong subjective suffering. <strong>Stigma and biases lead to an isolation condition<\/strong> that also often hinders the exercise of fundamental rights such as the right to education and to the social and professional integration.<\/p>\n<p>Care and rehabilitation must be able to offer differentiated processes, tailored to the specific and individual obstacles, and to prevent people from experiencing temporary or permanent difficulties and to prevent loss of social rights, dignity and power while they &#8216;exercise their affective, relational, family, and production roles.<\/p>\n<p>This is why it is crucial that services, operators, families, and communities <strong>create a network around the person<\/strong> and know how to support and protect him\/her, leaving him\/her free in his\/her life path.<\/p>\n<h2>HOW WE OPERATE<\/h2>\n<h3>Daily Centre<\/h3>\n<p>The <em>Relief Centre<\/em> is a space dedicated to the care of people and families living in psychological discomfort.<br \/>\nWith the support of our assistants, they can develop expressive and relational skills, following a <strong>process of self-affirmation and <span tabindex='0' class='glossary-item-container'>empowerment<span class='glossary-item-hidden-content'><span class='glossary-item-header'>Empowerment<\/span> <span class='glossary-item-description'>L\u2019<strong>empowerment<\/strong>, in italiano \u201cpotenziamento\u201d, rappresenta un modello di servizio sociale attivo che consente a persone, organizzazioni, comunit\u00e0, di valorizzare le proprie abilit\u00e0 e individuare risorse aggiuntive in s\u00e9 stesse, nel proprio gruppo o nel proprio ambiente sociale, al fine di migliorare proattivamente l\u2019equit\u00e0 e la qualit\u00e0 della propria vita.<\/span><\/span><\/span><\/strong>.<\/p>\n<p>We propose <strong>socio-recreational and educational activities<\/strong> carried out in mixed groups of beneficiaries and families with the aim of building reciprocal meaningful relationships and emotional support.<\/p>\n<p>We activate a <strong>local social reception system<\/strong> and we undertaking, so to relieve the solitude of families and activate a network of social and health care services which are built together and &#8220;around&#8221; the family itself.<\/p>\n<p>We work between the patient&#8217;s family and mental health department and social workers to enhance the patient&#8217;s autonomy, working at a preventative level to stop chronic illness.<\/p>\n<h3>Activities and Laboratories<\/h3>\n<p>The activities we offer are many: cooking workshops, outdoor activities, reading newspapers and learning local news, film-making and photography workshops.<\/p>\n<p>The goal is <strong>to find new ways to explore ourselves and the reality that surrounds us<\/strong>, cultivating memory, feeling part of a group, and increasing attachment to reality.<\/p>\n<p>One of our main activities is orthotherapy, where synergy with nature transforms the care of outer space into a metaphor of inner care, bringing tremendous results in terms of the well-being and personal balance.<br \/>\nOur project is to create a vegetable garden open to all, where the cultivated products are sold, thus bridging as a communication vehicle with the outside, where knowledge can tell the outside world about our small activity and break down stigmatization.<\/p>\n<h3>Family meetings and home visits<\/h3>\n<p>We periodically meet our families with the goal of establishing a <strong>relationship of trust and mutual exchange<\/strong> and for us to get a &#8220;global&#8221; charge of the personal matters and thus to build a truly therapeutic relationship.<\/p>\n<p>We make home visits individually or in small groups to strengthen the relationship with the individual and the group. Visits are planned and designed following an educational project designed to achieve the goals of the individual.<\/p>\n<h3>Transport<\/h3>\n<p>A transportation service is envisaged in order to allow the participation of users coming from far away. A nine-seater van that passes through all the territories of the Union of the Municipalities of the Tronto Valley: Appignano del Tronto, Castel di Lama, Castorano, Castignano, Colli del Tronto, Offida and Spinetoli and this service often transforms the journey into a playful time of great socialization among beneficiaries.[\/vc_column_text][gb_vc_social_share adv_social_share=&#8221;facebook,twitter&#8221;][\/vc_column_inner][vc_column_inner el_class=&#8221;sidebar-ambiti-page&#8221; width=&#8221;1\/3&#8243;][gb_vc_dettagli_ambito image_id=&#8221;4363&#8243;]<strong>450 MILLION<\/strong><\/p>\n<p>PEOPLE IN THE WORLD SUFFER FROM MENTAL DISORDERS (OMS 2001)<\/p>\n<p>&nbsp;<\/p>\n<p><strong>1 PRACTITIONER OUT OF 100<\/strong><\/p>\n<p>DEALS WITH MENTAL HEALTH (OMS 2016)<\/p>\n<p>&nbsp;<\/p>\n<p><strong>20 PEOPLE<\/strong><\/p>\n<p>TAKE PART IN OUR PROGRAMMES [\/gb_vc_dettagli_ambito][gb_vc_pulsante label=&#8221;PROJECTS&#8221; link=&#8221;url:http%3A%2F%2Fwww.ontheroad.coop%2Fen%2Ftag%2Fhealth%2F|||&#8221; colore=&#8221;yellow&#8221; dimensione=&#8221;full-width&#8221;][gb_vc_pulsante label=&#8221;CONTACTS&#8221; link=&#8221;url:http%3A%2F%2Fwww.ontheroad.coop%2Fen%2Fcontacts%2F%3Fsa%3Dcontatti_salute|||&#8221; colore=&#8221;yellow&#8221; dimensione=&#8221;full-width&#8221;][gb_vc_divider][vc_single_image image=&#8221;4630&#8243; img_size=&#8221;full&#8221; alignment=&#8221;center&#8221; onclick=&#8221;custom_link&#8221; css=&#8221;.vc_custom_1510227653770{padding-top: 10px !important;padding-right: 62px !important;padding-bottom: 10px !important;padding-left: 62px !important;background-color: #ffffff !important;}&#8221; link=&#8221;http:\/\/www.regione.marche.it\/Entra-in-Regione\/Fondi-Europei\/FSE&#8221;][vc_single_image image=&#8221;4631&#8243; img_size=&#8221;full&#8221; alignment=&#8221;center&#8221; onclick=&#8221;custom_link&#8221; css=&#8221;.vc_custom_1510227586698{padding-top: 10px !important;padding-right: 10px !important;padding-bottom: 10px !important;padding-left: 10px !important;background-color: #ffffff !important;}&#8221; link=&#8221;http:\/\/www.lavoro.gov.it\/Pagine\/default.aspx&#8221;][vc_single_image image=&#8221;4632&#8243; img_size=&#8221;full&#8221; alignment=&#8221;center&#8221; onclick=&#8221;custom_link&#8221; css=&#8221;.vc_custom_1510227516347{padding-top: 10px !important;padding-right: 10px !important;padding-bottom: 10px !important;padding-left: 10px !important;background-color: #ffffff !important;}&#8221; link=&#8221;http:\/\/www.regione.marche.it\/&#8221;][vc_single_image image=&#8221;4634&#8243; img_size=&#8221;full&#8221; alignment=&#8221;center&#8221; onclick=&#8221;custom_link&#8221; css=&#8221;.vc_custom_1510227618468{padding-top: 10px !important;padding-right: 71px !important;padding-bottom: 10px !important;padding-left: 71px !important;background-color: #ffffff !important;}&#8221; link=&#8221;https:\/\/europa.eu\/european-union\/index_it&#8221;][vc_single_image image=&#8221;4635&#8243; img_size=&#8221;full&#8221; alignment=&#8221;center&#8221; onclick=&#8221;custom_link&#8221; css=&#8221;.vc_custom_1510227547537{padding-top: 10px !important;padding-bottom: 10px !important;background-color: #ffffff !important;}&#8221; link=&#8221;http:\/\/www.unionecomunitronto.it\/&#8221;][\/vc_column_inner][\/vc_row_inner][\/vc_column][\/vc_row][vc_row][vc_column css_animation=&#8221;fadeInUp&#8221;][vc_row_inner][vc_column_inner][gb_vc_titolo titolo=&#8221;Related Posts:&#8221; tag=&#8221;div&#8221; modello=&#8221;standard_centrato&#8221;][gb_vc_latest_blog slug_ambito=&#8221;salute&#8221;][\/vc_column_inner][\/vc_row_inner][\/vc_column][\/vc_row]<\/p>\n","protected":false},"excerpt":{"rendered":"<p>[vc_row][vc_column css_animation=&#8221;fadeInUp&#8221;][vc_row_inner adviva_container_wrap=&#8221;si&#8221;][vc_column_inner el_class=&#8221;primary-ambiti-page&#8221; width=&#8221;2\/3&#8243;][gb_vc_introduzione_pagina intro_titolo=&#8221;MENTAL HEALTH&#8221; intro_descrizione=&#8221;People. Women and..<\/p>\n<p class=\"adv_readmore\"><a class=\"adv_moretag\" href=\"https:\/\/www.ontheroad.coop\/en\/intervention-areas\/mental-health\/\">+ LEGGI<\/a><\/p>\n","protected":false},"author":1,"featured_media":4034,"parent":4824,"menu_order":0,"comment_status":"closed","ping_status":"closed","template":"","meta":{"_eb_attr":""},"acf":[],"yoast_head":"<!-- This site is optimized with the Yoast SEO plugin v20.4 - https:\/\/yoast.com\/wordpress\/plugins\/seo\/ -->\n<title>Mental Health - On The Road Cooperativa Sociale<\/title>\n<meta name=\"robots\" content=\"index, follow, max-snippet:-1, max-image-preview:large, max-video-preview:-1\" \/>\n<link rel=\"canonical\" href=\"https:\/\/www.ontheroad.coop\/en\/intervention-areas\/mental-health\/\" \/>\n<meta property=\"og:locale\" content=\"en_US\" \/>\n<meta property=\"og:type\" content=\"article\" \/>\n<meta property=\"og:title\" content=\"Mental Health - On The Road Cooperativa Sociale\" \/>\n<meta property=\"og:description\" content=\"[vc_row][vc_column css_animation=&#8221;fadeInUp&#8221;][vc_row_inner adviva_container_wrap=&#8221;si&#8221;][vc_column_inner el_class=&#8221;primary-ambiti-page&#8221; width=&#8221;2\/3&#8243;][gb_vc_introduzione_pagina intro_titolo=&#8221;MENTAL HEALTH&#8221; intro_descrizione=&#8221;People. Women and..+ LEGGI\" \/>\n<meta property=\"og:url\" content=\"https:\/\/www.ontheroad.coop\/en\/intervention-areas\/mental-health\/\" \/>\n<meta property=\"og:site_name\" content=\"On The Road Cooperativa Sociale\" \/>\n<meta property=\"article:modified_time\" content=\"2017-11-24T10:53:44+00:00\" \/>\n<meta property=\"og:image\" content=\"https:\/\/www.ontheroad.coop\/cms\/wp-content\/uploads\/2017\/08\/salute_mentale.png\" \/>\n\t<meta property=\"og:image:width\" content=\"290\" \/>\n\t<meta property=\"og:image:height\" content=\"290\" \/>\n\t<meta property=\"og:image:type\" content=\"image\/png\" \/>\n<meta name=\"twitter:card\" content=\"summary_large_image\" \/>\n<meta name=\"twitter:label1\" content=\"Est. reading time\" \/>\n\t<meta name=\"twitter:data1\" content=\"5 minutes\" \/>\n<script type=\"application\/ld+json\" class=\"yoast-schema-graph\">{\"@context\":\"https:\/\/schema.org\",\"@graph\":[{\"@type\":\"WebPage\",\"@id\":\"https:\/\/www.ontheroad.coop\/en\/intervention-areas\/mental-health\/\",\"url\":\"https:\/\/www.ontheroad.coop\/en\/intervention-areas\/mental-health\/\",\"name\":\"Mental Health - On The Road Cooperativa Sociale\",\"isPartOf\":{\"@id\":\"https:\/\/www.ontheroad.coop\/#website\"},\"datePublished\":\"2017-08-03T10:35:08+00:00\",\"dateModified\":\"2017-11-24T10:53:44+00:00\",\"breadcrumb\":{\"@id\":\"https:\/\/www.ontheroad.coop\/en\/intervention-areas\/mental-health\/#breadcrumb\"},\"inLanguage\":\"en-US\",\"potentialAction\":[{\"@type\":\"ReadAction\",\"target\":[\"https:\/\/www.ontheroad.coop\/en\/intervention-areas\/mental-health\/\"]}]},{\"@type\":\"BreadcrumbList\",\"@id\":\"https:\/\/www.ontheroad.coop\/en\/intervention-areas\/mental-health\/#breadcrumb\",\"itemListElement\":[{\"@type\":\"ListItem\",\"position\":1,\"name\":\"Home\",\"item\":\"https:\/\/www.ontheroad.coop\/en\/\"},{\"@type\":\"ListItem\",\"position\":2,\"name\":\"Intervention areas\",\"item\":\"https:\/\/www.ontheroad.coop\/en\/intervention-areas\/\"},{\"@type\":\"ListItem\",\"position\":3,\"name\":\"Mental Health\"}]},{\"@type\":\"WebSite\",\"@id\":\"https:\/\/www.ontheroad.coop\/#website\",\"url\":\"https:\/\/www.ontheroad.coop\/\",\"name\":\"On The Road Cooperativa Sociale\",\"description\":\"\",\"potentialAction\":[{\"@type\":\"SearchAction\",\"target\":{\"@type\":\"EntryPoint\",\"urlTemplate\":\"https:\/\/www.ontheroad.coop\/?s={search_term_string}\"},\"query-input\":\"required name=search_term_string\"}],\"inLanguage\":\"en-US\"}]}<\/script>\n<!-- \/ Yoast SEO plugin. -->","yoast_head_json":{"title":"Mental Health - On The Road Cooperativa Sociale","robots":{"index":"index","follow":"follow","max-snippet":"max-snippet:-1","max-image-preview":"max-image-preview:large","max-video-preview":"max-video-preview:-1"},"canonical":"https:\/\/www.ontheroad.coop\/en\/intervention-areas\/mental-health\/","og_locale":"en_US","og_type":"article","og_title":"Mental Health - On The Road Cooperativa Sociale","og_description":"[vc_row][vc_column css_animation=&#8221;fadeInUp&#8221;][vc_row_inner adviva_container_wrap=&#8221;si&#8221;][vc_column_inner el_class=&#8221;primary-ambiti-page&#8221; width=&#8221;2\/3&#8243;][gb_vc_introduzione_pagina intro_titolo=&#8221;MENTAL HEALTH&#8221; intro_descrizione=&#8221;People. Women and..+ LEGGI","og_url":"https:\/\/www.ontheroad.coop\/en\/intervention-areas\/mental-health\/","og_site_name":"On The Road Cooperativa Sociale","article_modified_time":"2017-11-24T10:53:44+00:00","og_image":[{"width":290,"height":290,"url":"https:\/\/www.ontheroad.coop\/cms\/wp-content\/uploads\/2017\/08\/salute_mentale.png","type":"image\/png"}],"twitter_card":"summary_large_image","twitter_misc":{"Est. reading time":"5 minutes"},"schema":{"@context":"https:\/\/schema.org","@graph":[{"@type":"WebPage","@id":"https:\/\/www.ontheroad.coop\/en\/intervention-areas\/mental-health\/","url":"https:\/\/www.ontheroad.coop\/en\/intervention-areas\/mental-health\/","name":"Mental Health - On The Road Cooperativa Sociale","isPartOf":{"@id":"https:\/\/www.ontheroad.coop\/#website"},"datePublished":"2017-08-03T10:35:08+00:00","dateModified":"2017-11-24T10:53:44+00:00","breadcrumb":{"@id":"https:\/\/www.ontheroad.coop\/en\/intervention-areas\/mental-health\/#breadcrumb"},"inLanguage":"en-US","potentialAction":[{"@type":"ReadAction","target":["https:\/\/www.ontheroad.coop\/en\/intervention-areas\/mental-health\/"]}]},{"@type":"BreadcrumbList","@id":"https:\/\/www.ontheroad.coop\/en\/intervention-areas\/mental-health\/#breadcrumb","itemListElement":[{"@type":"ListItem","position":1,"name":"Home","item":"https:\/\/www.ontheroad.coop\/en\/"},{"@type":"ListItem","position":2,"name":"Intervention areas","item":"https:\/\/www.ontheroad.coop\/en\/intervention-areas\/"},{"@type":"ListItem","position":3,"name":"Mental Health"}]},{"@type":"WebSite","@id":"https:\/\/www.ontheroad.coop\/#website","url":"https:\/\/www.ontheroad.coop\/","name":"On The Road Cooperativa Sociale","description":"","potentialAction":[{"@type":"SearchAction","target":{"@type":"EntryPoint","urlTemplate":"https:\/\/www.ontheroad.coop\/?s={search_term_string}"},"query-input":"required name=search_term_string"}],"inLanguage":"en-US"}]}},"_links":{"self":[{"href":"https:\/\/www.ontheroad.coop\/en\/wp-json\/wp\/v2\/pages\/4787\/"}],"collection":[{"href":"https:\/\/www.ontheroad.coop\/en\/wp-json\/wp\/v2\/pages\/"}],"about":[{"href":"https:\/\/www.ontheroad.coop\/en\/wp-json\/wp\/v2\/types\/page\/"}],"author":[{"embeddable":true,"href":"https:\/\/www.ontheroad.coop\/en\/wp-json\/wp\/v2\/users\/1\/"}],"replies":[{"embeddable":true,"href":"https:\/\/www.ontheroad.coop\/en\/wp-json\/wp\/v2\/comments\/?post=4787"}],"version-history":[{"count":7,"href":"https:\/\/www.ontheroad.coop\/en\/wp-json\/wp\/v2\/pages\/4787\/revisions\/"}],"predecessor-version":[{"id":4973,"href":"https:\/\/www.ontheroad.coop\/en\/wp-json\/wp\/v2\/pages\/4787\/revisions\/4973\/"}],"up":[{"embeddable":true,"href":"https:\/\/www.ontheroad.coop\/en\/wp-json\/wp\/v2\/pages\/4824\/"}],"wp:featuredmedia":[{"embeddable":true,"href":"https:\/\/www.ontheroad.coop\/en\/wp-json\/wp\/v2\/media\/4034\/"}],"wp:attachment":[{"href":"https:\/\/www.ontheroad.coop\/en\/wp-json\/wp\/v2\/media\/?parent=4787"}],"curies":[{"name":"wp","href":"https:\/\/api.w.org\/{rel}","templated":true}]}}