{"id":4790,"date":"2017-07-25T11:18:21","date_gmt":"2017-07-25T09:18:21","guid":{"rendered":"http:\/\/www.ontheroad.coop\/cms\/poverta-estrema\/"},"modified":"2018-01-12T12:26:04","modified_gmt":"2018-01-12T11:26:04","slug":"extreme-poverty","status":"publish","type":"page","link":"https:\/\/www.ontheroad.coop\/en\/intervention-areas\/extreme-poverty\/","title":{"rendered":"Extreme Poverty"},"content":{"rendered":"<p>[vc_row][vc_column css_animation=&#8221;fadeInUp&#8221;][vc_row_inner adviva_container_wrap=&#8221;si&#8221;][vc_column_inner el_class=&#8221;primary-ambiti-page&#8221; width=&#8221;2\/3&#8243;][gb_vc_introduzione_pagina intro_titolo=&#8221;EXTREME POVERTY&#8221; intro_descrizione=&#8221;We do not only respond to human primary needs, but we strive to build tools for inclusion, independence, and <span tabindex='0' class='glossary-item-container'>empowerment<span class='glossary-item-hidden-content'><span class='glossary-item-header'>Empowerment<\/span> <span class='glossary-item-description'>L\u2019<strong>empowerment<\/strong>, in italiano \u201cpotenziamento\u201d, rappresenta un modello di servizio sociale attivo che consente a persone, organizzazioni, comunit\u00e0, di valorizzare le proprie abilit\u00e0 e individuare risorse aggiuntive in s\u00e9 stesse, nel proprio gruppo o nel proprio ambiente sociale, al fine di migliorare proattivamente l\u2019equit\u00e0 e la qualit\u00e0 della propria vita.<\/span><\/span><\/span>. &#8220;][vc_column_text]<\/p>\n<h2>THE PHENOMENON<\/h2>\n<p>Poverty is not a natural calamity but an effect of choices made by humankind. Being poor means being excluded from the enjoyment of goods and services, not being able to ensure our individual development, of being active citizens of a society, and, in many cases, not being able to access primary goods. On the Road aims at attacking the causes of extreme poverty by proposing a fairer socio-economic system, pursuing advocacy policies for the rights of excluded people, and by carrying out activities of support to the most vulnerable people to reduce the number of people in conditions of serious poverty and improve their quality of living. [\/vc_column_text][vc_column_text]<\/p>\n<h2>HOW WE OPERATE<\/h2>\n<h3>Fundamental Needs<\/h3>\n<p>The <em>Train de Vie<\/em> centre is a <strong>protected meeting and socializing place<\/strong> where homeless people can take advantage of some basic aids like food, a canteen service with takeaway meals, toilet facilities that can also be used by disabled people, showers, laundry, clothes distribution, hairdresser, and barber. All services are available from Monday to Saturday in daylight hours.<\/p>\n<h3>Integration Processes<\/h3>\n<p>In the centre, we also provide a low frequency <em>Help Desk<\/em>, accessible to everyone. From this network node, we see passing or starting <strong>individual and social inclusion processes<\/strong>, where our guests can benefit from mediation and conflict management, guidance and support in job seeking, social and housing reintegration, psycho-social counselling, individual interviews for social secretariat, legal counselling, psychological sessions and guidance towards a possible way out and rehabilitation, support for social welfare services in the area, referral to local support organizations and assistance facilities, and anti-human trafficking desk.<\/p>\n<p>A telephone number is available to homeless persons, but also to the entire community, to the Services and the Police, to seek for help, send reports, provide information, and activate assistance measures.<\/p>\n<h3>Cultural Activities<\/h3>\n<p><em>Train de Vie<\/em> is also a <strong>cultural area, with a library and a reading room<\/strong>, where we have TVs, radios, and newspapers, a computer station, and table games available.<\/p>\n<p>Here we promote theatre workshops, dance, music therapy, creative art and writing, cineforum, Italian language courses, computer science and journalism, and collaborate with the editorial of the magazine \u201cShaker \u2013 Pensieri senza dimora\u201d (Shaker \u2013 Homeless Thoughts).<\/p>\n<p>This is not just an environment dedicated to homeless people, but a real <strong>cultural centre open to the whole community, where we work to promote the culture of marginality<\/strong>. We organize debates, parties, meetings, gatherings, supportive aperitifs, fundraising events, shows, concerts, markets, and much more.<\/p>\n<h3>Mobile and Train Units<\/h3>\n<p>We go out with our road units to Pescara railway station, trains and surrounding areas to make contact with people who reside there, learn their needs and offer an immediate response to help them.<\/p>\n<p>We distribute food, clothes and blankets, we offer listening and spread information material for health prevention in the languages \u200b\u200bof the country of origin of the people involved. We take care of the <strong>deviance and marginality phenomena<\/strong>, their dynamics and evolutions, and we work to reduce the damage and risks to which the target is subject.<\/p>\n<p>As an accredited anti human trafficking organization, we work to identify and care about human trafficking victims, we help them and support them towards autonomy.<\/p>\n<h3>Research and data collection<\/h3>\n<p>We carry out a constant and careful <strong>mapping of the phenomenon and continuous updating of the database<\/strong> with information on the number of homeless people we get in contact with, the places and characteristics and problems found, as well as an analysis and mapping\/monitoring of the quantity and quality of local services.<\/p>\n<p>This database is shared with ONDS, the National Observatory on Disadvantage and Solidarity in Italian Stations, and is aimed at investigating the characteristics of homeless people by detecting the aspects of living in their usual places or of their transit and their specific needs, and to promote interchange between projects and cities in order to optimize the resources. [\/vc_column_text][gb_vc_social_share adv_social_share=&#8221;facebook,twitter&#8221;][\/vc_column_inner][vc_column_inner el_class=&#8221;sidebar-ambiti-page&#8221; width=&#8221;1\/3&#8243;][gb_vc_dettagli_ambito image_id=&#8221;4365&#8243;]<strong>51,000 PEOPLE<\/strong><\/p>\n<p>HOMELESS PEOPLE IN ITALY (SOURCE: ISTAT 2014)<\/p>\n<p>&nbsp;<\/p>\n<p><strong>14,200 ACCESSES<\/strong><\/p>\n<p>TO OUR MULTIFUNCTIONAL CENTRE TRAIN DE VIE (2016 AND 2017)<\/p>\n<p>&nbsp;<\/p>\n<p><strong>90 USERS<\/strong><\/p>\n<p>VISIT DAILY OUR CENTRE[\/gb_vc_dettagli_ambito][gb_vc_pulsante label=&#8221;PROJECTS&#8221; link=&#8221;url:http%3A%2F%2Fwww.ontheroad.coop%2Fen%2Ftag%2Fextreme-poverty%2F|||&#8221; colore=&#8221;yellow&#8221; dimensione=&#8221;full-width&#8221;][gb_vc_pulsante label=&#8221;CONTACTS&#8221; link=&#8221;url:http%3A%2F%2Fwww.ontheroad.coop%2Fen%2Fcontacts%2F%3Fsa%3Dcontatti_poverta|||&#8221; colore=&#8221;yellow&#8221; dimensione=&#8221;full-width&#8221;][gb_vc_divider][vc_single_image image=&#8221;4623&#8243; img_size=&#8221;full&#8221; alignment=&#8221;center&#8221; css=&#8221;.vc_custom_1510221913272{padding-top: 10px !important;padding-bottom: 10px !important;background-color: #ffffff !important;}&#8221;][vc_text_separator title=&#8221;SUPPORTED BY:&#8221;][vc_single_image image=&#8221;4627&#8243; img_size=&#8221;full&#8221; alignment=&#8221;center&#8221; onclick=&#8221;custom_link&#8221; css=&#8221;.vc_custom_1515756071324{padding-top: 10px !important;padding-bottom: 10px !important;background-color: #ffffff !important;}&#8221; link=&#8221;https:\/\/www.onds.it\/&#8221;][vc_single_image image=&#8221;5135&#8243; img_size=&#8221;full&#8221; alignment=&#8221;center&#8221; onclick=&#8221;custom_link&#8221; link=&#8221;http:\/\/www.ottopermillevaldese.org\/index.php&#8221;][\/vc_column_inner][\/vc_row_inner][\/vc_column][\/vc_row][vc_row][vc_column css_animation=&#8221;fadeInUp&#8221;][vc_row_inner][vc_column_inner][gb_vc_titolo titolo=&#8221;Related Posts:&#8221; tag=&#8221;div&#8221; modello=&#8221;standard_centrato&#8221;][gb_vc_latest_blog slug_ambito=&#8221;senza_dimora&#8221;][\/vc_column_inner][\/vc_row_inner][\/vc_column][\/vc_row]<\/p>\n","protected":false},"excerpt":{"rendered":"<p>[vc_row][vc_column css_animation=&#8221;fadeInUp&#8221;][vc_row_inner adviva_container_wrap=&#8221;si&#8221;][vc_column_inner el_class=&#8221;primary-ambiti-page&#8221; width=&#8221;2\/3&#8243;][gb_vc_introduzione_pagina intro_titolo=&#8221;EXTREME POVERTY&#8221; intro_descrizione=&#8221;We do not..<\/p>\n<p class=\"adv_readmore\"><a class=\"adv_moretag\" href=\"https:\/\/www.ontheroad.coop\/en\/intervention-areas\/extreme-poverty\/\">+ LEGGI<\/a><\/p>\n","protected":false},"author":1,"featured_media":6850,"parent":4824,"menu_order":0,"comment_status":"closed","ping_status":"closed","template":"","meta":{"_eb_attr":""},"acf":[],"yoast_head":"<!-- This site is optimized with the Yoast SEO plugin v20.4 - https:\/\/yoast.com\/wordpress\/plugins\/seo\/ -->\n<title>Extreme Poverty - On The Road Cooperativa Sociale<\/title>\n<meta name=\"robots\" content=\"index, follow, max-snippet:-1, max-image-preview:large, max-video-preview:-1\" \/>\n<link rel=\"canonical\" href=\"https:\/\/www.ontheroad.coop\/en\/intervention-areas\/extreme-poverty\/\" \/>\n<meta property=\"og:locale\" content=\"en_US\" \/>\n<meta property=\"og:type\" content=\"article\" \/>\n<meta property=\"og:title\" content=\"Extreme Poverty - On The Road Cooperativa Sociale\" \/>\n<meta property=\"og:description\" content=\"[vc_row][vc_column css_animation=&#8221;fadeInUp&#8221;][vc_row_inner adviva_container_wrap=&#8221;si&#8221;][vc_column_inner el_class=&#8221;primary-ambiti-page&#8221; width=&#8221;2\/3&#8243;][gb_vc_introduzione_pagina intro_titolo=&#8221;EXTREME POVERTY&#8221; intro_descrizione=&#8221;We do not..+ LEGGI\" \/>\n<meta property=\"og:url\" content=\"https:\/\/www.ontheroad.coop\/en\/intervention-areas\/extreme-poverty\/\" \/>\n<meta property=\"og:site_name\" content=\"On The Road Cooperativa Sociale\" \/>\n<meta property=\"article:modified_time\" content=\"2018-01-12T11:26:04+00:00\" \/>\n<meta property=\"og:image\" content=\"https:\/\/www.ontheroad.coop\/cms\/wp-content\/uploads\/2017\/08\/poverta_estrema.png\" \/>\n\t<meta property=\"og:image:width\" content=\"290\" \/>\n\t<meta property=\"og:image:height\" content=\"290\" \/>\n\t<meta property=\"og:image:type\" content=\"image\/png\" \/>\n<meta name=\"twitter:card\" content=\"summary_large_image\" \/>\n<meta name=\"twitter:label1\" content=\"Est. reading time\" \/>\n\t<meta name=\"twitter:data1\" content=\"5 minutes\" \/>\n<script type=\"application\/ld+json\" class=\"yoast-schema-graph\">{\"@context\":\"https:\/\/schema.org\",\"@graph\":[{\"@type\":\"WebPage\",\"@id\":\"https:\/\/www.ontheroad.coop\/en\/intervention-areas\/extreme-poverty\/\",\"url\":\"https:\/\/www.ontheroad.coop\/en\/intervention-areas\/extreme-poverty\/\",\"name\":\"Extreme Poverty - On The Road Cooperativa Sociale\",\"isPartOf\":{\"@id\":\"https:\/\/www.ontheroad.coop\/#website\"},\"datePublished\":\"2017-07-25T09:18:21+00:00\",\"dateModified\":\"2018-01-12T11:26:04+00:00\",\"breadcrumb\":{\"@id\":\"https:\/\/www.ontheroad.coop\/en\/intervention-areas\/extreme-poverty\/#breadcrumb\"},\"inLanguage\":\"en-US\",\"potentialAction\":[{\"@type\":\"ReadAction\",\"target\":[\"https:\/\/www.ontheroad.coop\/en\/intervention-areas\/extreme-poverty\/\"]}]},{\"@type\":\"BreadcrumbList\",\"@id\":\"https:\/\/www.ontheroad.coop\/en\/intervention-areas\/extreme-poverty\/#breadcrumb\",\"itemListElement\":[{\"@type\":\"ListItem\",\"position\":1,\"name\":\"Home\",\"item\":\"https:\/\/www.ontheroad.coop\/en\/\"},{\"@type\":\"ListItem\",\"position\":2,\"name\":\"Intervention areas\",\"item\":\"https:\/\/www.ontheroad.coop\/en\/intervention-areas\/\"},{\"@type\":\"ListItem\",\"position\":3,\"name\":\"Extreme Poverty\"}]},{\"@type\":\"WebSite\",\"@id\":\"https:\/\/www.ontheroad.coop\/#website\",\"url\":\"https:\/\/www.ontheroad.coop\/\",\"name\":\"On The Road Cooperativa Sociale\",\"description\":\"\",\"potentialAction\":[{\"@type\":\"SearchAction\",\"target\":{\"@type\":\"EntryPoint\",\"urlTemplate\":\"https:\/\/www.ontheroad.coop\/?s={search_term_string}\"},\"query-input\":\"required name=search_term_string\"}],\"inLanguage\":\"en-US\"}]}<\/script>\n<!-- \/ Yoast SEO plugin. -->","yoast_head_json":{"title":"Extreme Poverty - On The Road Cooperativa Sociale","robots":{"index":"index","follow":"follow","max-snippet":"max-snippet:-1","max-image-preview":"max-image-preview:large","max-video-preview":"max-video-preview:-1"},"canonical":"https:\/\/www.ontheroad.coop\/en\/intervention-areas\/extreme-poverty\/","og_locale":"en_US","og_type":"article","og_title":"Extreme Poverty - On The Road Cooperativa Sociale","og_description":"[vc_row][vc_column css_animation=&#8221;fadeInUp&#8221;][vc_row_inner adviva_container_wrap=&#8221;si&#8221;][vc_column_inner el_class=&#8221;primary-ambiti-page&#8221; width=&#8221;2\/3&#8243;][gb_vc_introduzione_pagina intro_titolo=&#8221;EXTREME POVERTY&#8221; intro_descrizione=&#8221;We do not..+ LEGGI","og_url":"https:\/\/www.ontheroad.coop\/en\/intervention-areas\/extreme-poverty\/","og_site_name":"On The Road Cooperativa Sociale","article_modified_time":"2018-01-12T11:26:04+00:00","og_image":[{"width":290,"height":290,"url":"https:\/\/www.ontheroad.coop\/cms\/wp-content\/uploads\/2017\/08\/poverta_estrema.png","type":"image\/png"}],"twitter_card":"summary_large_image","twitter_misc":{"Est. reading time":"5 minutes"},"schema":{"@context":"https:\/\/schema.org","@graph":[{"@type":"WebPage","@id":"https:\/\/www.ontheroad.coop\/en\/intervention-areas\/extreme-poverty\/","url":"https:\/\/www.ontheroad.coop\/en\/intervention-areas\/extreme-poverty\/","name":"Extreme Poverty - On The Road Cooperativa Sociale","isPartOf":{"@id":"https:\/\/www.ontheroad.coop\/#website"},"datePublished":"2017-07-25T09:18:21+00:00","dateModified":"2018-01-12T11:26:04+00:00","breadcrumb":{"@id":"https:\/\/www.ontheroad.coop\/en\/intervention-areas\/extreme-poverty\/#breadcrumb"},"inLanguage":"en-US","potentialAction":[{"@type":"ReadAction","target":["https:\/\/www.ontheroad.coop\/en\/intervention-areas\/extreme-poverty\/"]}]},{"@type":"BreadcrumbList","@id":"https:\/\/www.ontheroad.coop\/en\/intervention-areas\/extreme-poverty\/#breadcrumb","itemListElement":[{"@type":"ListItem","position":1,"name":"Home","item":"https:\/\/www.ontheroad.coop\/en\/"},{"@type":"ListItem","position":2,"name":"Intervention areas","item":"https:\/\/www.ontheroad.coop\/en\/intervention-areas\/"},{"@type":"ListItem","position":3,"name":"Extreme Poverty"}]},{"@type":"WebSite","@id":"https:\/\/www.ontheroad.coop\/#website","url":"https:\/\/www.ontheroad.coop\/","name":"On The Road Cooperativa Sociale","description":"","potentialAction":[{"@type":"SearchAction","target":{"@type":"EntryPoint","urlTemplate":"https:\/\/www.ontheroad.coop\/?s={search_term_string}"},"query-input":"required name=search_term_string"}],"inLanguage":"en-US"}]}},"_links":{"self":[{"href":"https:\/\/www.ontheroad.coop\/en\/wp-json\/wp\/v2\/pages\/4790\/"}],"collection":[{"href":"https:\/\/www.ontheroad.coop\/en\/wp-json\/wp\/v2\/pages\/"}],"about":[{"href":"https:\/\/www.ontheroad.coop\/en\/wp-json\/wp\/v2\/types\/page\/"}],"author":[{"embeddable":true,"href":"https:\/\/www.ontheroad.coop\/en\/wp-json\/wp\/v2\/users\/1\/"}],"replies":[{"embeddable":true,"href":"https:\/\/www.ontheroad.coop\/en\/wp-json\/wp\/v2\/comments\/?post=4790"}],"version-history":[{"count":13,"href":"https:\/\/www.ontheroad.coop\/en\/wp-json\/wp\/v2\/pages\/4790\/revisions\/"}],"predecessor-version":[{"id":5142,"href":"https:\/\/www.ontheroad.coop\/en\/wp-json\/wp\/v2\/pages\/4790\/revisions\/5142\/"}],"up":[{"embeddable":true,"href":"https:\/\/www.ontheroad.coop\/en\/wp-json\/wp\/v2\/pages\/4824\/"}],"wp:featuredmedia":[{"embeddable":true,"href":"https:\/\/www.ontheroad.coop\/en\/wp-json\/wp\/v2\/media\/6850\/"}],"wp:attachment":[{"href":"https:\/\/www.ontheroad.coop\/en\/wp-json\/wp\/v2\/media\/?parent=4790"}],"curies":[{"name":"wp","href":"https:\/\/api.w.org\/{rel}","templated":true}]}}