{"id":4918,"date":"2017-11-23T16:45:13","date_gmt":"2017-11-23T15:45:13","guid":{"rendered":"http:\/\/www.ontheroad.coop\/cms\/privacy-policy\/"},"modified":"2017-11-24T10:53:59","modified_gmt":"2017-11-24T09:53:59","slug":"privacy","status":"publish","type":"page","link":"https:\/\/www.ontheroad.coop\/en\/privacy\/","title":{"rendered":"Privacy Policy"},"content":{"rendered":"<p>[vc_row][vc_column css_animation=&#8221;fadeInUp&#8221;][vc_row_inner adviva_container_wrap=&#8221;si&#8221;][vc_column_inner el_class=&#8221;primary-ambiti-page&#8221; width=&#8221;2\/3&#8243;][gb_vc_titolo titolo=&#8221;PRIVACY POLICY&#8221;][vc_column_text]<\/p>\n<h2>Trattamento dei Dati Personali<\/h2>\n<p>Con riferimento a quanto previsto dal D.lgs. 196\/2003, recante disposizioni a tutela della riservatezza nel trattamento dei dati personali, desideriamo con la presente informarvi che:<\/p>\n<ul>\n<li>Il conferimento dei Vostri dati all\u2019Associazione On the Road Onlus \u00e8 strettamente funzionale all\u2019esecuzione del rapporto contrattuale o, quando specificato, alle attivit\u00e0 acconsentite dall\u2019utente;<\/li>\n<li>il titolare del trattamento dei dati, ai sensi D.lgs. 196\/2003 \u00e8 l\u2019amministratore dell\u2019Associazione On the Road Onlus<\/li>\n<li>i dati saranno conservati presso la nostra sede di Via delle Lancette 27-27\/A 64014 Martinsicuro (TE) Italia , per il tempo prescritto dalle norme di legge;<\/li>\n<li>il trattamento dei dati forniti, o altrimenti acquisiti nell\u2019ambito della nostra attivit\u00e0, potr\u00e0 essere effettuato anche da soggetti a cui sia riconosciuta la facolt\u00e0 di accedere ai Vostri dati personali da norme di legge o di normative secondarie e\/o comunitarie.<\/li>\n<li>in qualsiasi momento si potr\u00e0 richiedere la modifica o la cancellazione dei suddetti dati.<\/li>\n<\/ul>\n<p>D. Lgs. n. 196 del 30 giugno 2003[\/vc_column_text][vc_column_text]<\/p>\n<h3>Diritti dell\u2019interessato:<\/h3>\n<p>In relazione al trattamento dei dati personali l\u2019interessato ha diritto:<\/p>\n<p>a) di conoscere, mediante accesso gratuito al registro di cui all\u2019articolo 31, comma 1, lettera a), l\u2019esistenza di trattamenti di dati che possono riguardarlo;<\/p>\n<p>b) di essere informato su quanto indicato all\u2019articolo 7, comma 4, lettere a),b) e h);<\/p>\n<p>c) di ottenere, a cura del titolare o del responsabile, senza ritardo:<\/p>\n<ol>\n<li>la conferma dell\u2019esistenza o meno di dati personali che lo riguardano; anche se non ancora registrati;<\/li>\n<li>la cancellazione, la trasformazione in forma anonima o il blocco dei dati trattati in violazione di legge, compresi quelli di cui non \u00e8 necessaria la conservazione in relazione agli scopi per i quali i dati sono stati raccolti o successivamente trattati;<\/li>\n<li>l\u2019aggiornamento, la rettificazione ovvero, qualora vi abbia interesse, l\u2019integrazione dei dati;<\/li>\n<li>la testazione che le operazioni di cui ai numeri 2) e 3) sono state portate a conoscenza, anche per quanto riguarda il loro contenuto, di coloro ai quali i dati sono stati comunicati o diffusi, eccettuato il caso in cui tale adempimento si riveli impossibile o comporti un impiego di mezzi manifestamente sproporzionato rispetto al diritto del tutelato; d) di opporsi, in tutto o in parte, per motivi legittimi, al trattamento dei dati personali che lo riguardano, ancorch\u00e9 pertinenti allo scopo della raccolta; e) di opporsi, in tutto o in parte, al trattamento di dati personali che lo riguardano previsto a fini di informazione commerciale o di invio di materiale pubblicitario o di vendita diretta ovvero per il compimento di ricerche di mercato o di comunicazione commerciale interattiva e di essere informato dal titolare, non oltre il momento in cui i dati sono comunicati o diffusi, della possibilit\u00e0 di esercitare gratuitamente tale diritto.<\/li>\n<\/ol>\n<p>Nell\u2019esercizio dei diritti di cui al comma 1) l\u2019interessato pu\u00f2 conferire, per iscritto, delega o procura a persone fisiche o ad associazioni<\/p>\n<p>Restano ferme le norme sul segreto professionale degli esercenti la professione di giornalista, limitatamente alla fonte della notizia.<\/p>\n<p>\u00c8 possibile consultare online il <a href=\"http:\/\/www.camera.it\/parlam\/leggi\/deleghe\/03196dl.htm\" rel=\"noopener\" target=\"_blank\">testo completo della legge<\/a>.[\/vc_column_text][vc_column_text]<\/p>\n<h3>Norme legali e condizioni uso contenuti<\/h3>\n<p>L\u2019utente NON \u00e8 autorizzato a utilizzare la documentazione o i contenuti disponibile in questo sito.[\/vc_column_text][gb_vc_divider][vc_column_text]<\/p>\n<h2>Cookie Policy<\/h2>\n<h3>Che cosa sono i Cookie?<\/h3>\n<p>I cookie sono file di testo che contengono informazioni che vengono memorizzati sul tuo computer o sul tuo dispositivo mobile tutte le volte che visiti un sito online attraverso un browser. Ad ogni successiva visita il browser invia questi cookies al sito web che li ha originati o ad un altro sito. I cookies permettono ai siti di ricordare alcune informazioni per permetterti di navigare online in modo semplice e veloce come la lingua o riconoscimento di accesso al sito successivo il primo.<\/p>\n<p>Ci sono due principali tipi di cookie: i cookie di sessione e cookies permanenti. I cookie di sessione sono temporanei, servono a migliorare l\u2019esperienza di utilizzo del sito e vengono eliminati dal computer automaticamente quando chiudi il browser; i cookie permanenti restano memorizzati sul tuo computer a meno che non siano eliminati o raggiungano la loro data di scadenza.[\/vc_column_text][vc_column_text]<\/p>\n<h3>I Cookie sul nostro Sito<\/h3>\n<p>Questo sito pu\u00f2 essere navigato anche senza l\u2019utilizzo dei cookie da parte degli utenti ma la navigazione potrebbe non essere la migliore possibile.<\/p>\n<p>Utilizziamo cookie tecnici, finalizzati a migliore il funzionamento e la tua esperienza di navigazione di questo sito.<\/p>\n<p>Questo sito utilizza Google Analytics per raccogliere informazioni circa l\u2019utilizzo degli utenti del proprio sito web. Google Analytics genera informazioni statistiche e di altro genere attraverso i cookie, memorizzati sui computer degli utenti. Le informazioni generate relative al nostro sito web sono utilizzate dalla nostra azienda per fare dei report sull\u2019utilizzo del sito stesso per migliorarne l\u2019usabilit\u00e0, le funzionalit\u00e0, l\u2019interfaccia, la comunicazione.<\/p>\n<p>La politica sulla privacy di Google \u00e8 disponibile al seguente indirizzo: <a href=\"http:\/\/www.google.com\/privacypolicy.html\" rel=\"noopener\" target=\"_blank\">http:\/\/www.google.com\/privacypolicy.html<\/a><\/p>\n<p>In particolare le informazioni generate dal cookie sull\u2019utilizzo del sito web vengono gestite presso i server di Google negli Stati Uniti. Google pu\u00f2 anche trasferire queste informazioni a terzi ove ci\u00f2 sia imposto dalla legge o laddove tali terzi trattino le suddette informazioni per conto di Google.<\/p>\n<p>Google non assocer\u00e0 il vostro indirizzo IP a nessun altro dato posseduto da Google.<\/p>\n<p>Gli utenti possono disattivare la registrazione dei cookie di Google dal proprio browser seguendo le indicazioni riportate alle pagine:<\/p>\n<ul>\n<li><a href=\"https:\/\/www.google.it\/policies\/technologies\/ads\/\" rel=\"noopener\" target=\"_blank\">Norme e Principi Google per la Privacy<\/a><\/li>\n<li><a href=\"http:\/\/www.networkadvertising.org\/choices\/\" rel=\"noopener\" target=\"_blank\">Norme per la disattivazione della Behavioral Advertising<\/a><\/li>\n<li><a href=\"https:\/\/www.google.com\/settings\/u\/0\/ads\/?hl=it&amp;sig=ACi0TCi7vD_CEtlxJk9eLqG4wDZknHlecdd5RE310csCjrbbwfXvCvZ7w5ojDznmuIffUVy44N0cVPvvqnhq_nnEzjnOefcmrErVJIQE9pDvGnKC1Zhw8hEyTRbOteXVL3ELNUIB_4QpKG8YCQCzscEa6ThkDa_04kx4tKOXulKdDkJGlyVuIVA\" rel=\"noopener\" target=\"_blank\">Gestione Preferenza Annunci<\/a><\/li>\n<\/ul>\n<p>Utilizzando il presente sito web, acconsenti al trattamento dei tuoi dati da parte di Google per le modalit\u00e0 e i fini sopraindicati.<\/p>\n<p>Questi i link alle politiche sulla privacy e le forme di consenso rilevanti di altri soggetti terzi, che possono cambiare di volta in volta e che vi consigliamo di consultare di tanto in tanto, dove troverete informazioni pi\u00f9 dettagliate:<\/p>\n<ul>\n<li><a href=\"https:\/\/yandex.com\/legal\/privacy\/\" rel=\"noopener\" target=\"_blank\">Yandex<\/a><\/li>\n<li><a href=\"https:\/\/www.adroll.com\/about\/privacy\" rel=\"noopener\" target=\"_blank\">AdRoll<\/a><\/li>\n<li><a href=\"http:\/\/www.criteo.com\/privacy\/\" rel=\"noopener\" target=\"_blank\">Criteo<\/a><\/li>\n<li><a href=\"https:\/\/twitter.com\/privacy?lang=it\" rel=\"noopener\" target=\"_blank\">Twitter<\/a><\/li>\n<li><a href=\"https:\/\/www.youtube.com\/static?template=privacy_guidelines\" rel=\"noopener\" target=\"_blank\">YouTube<\/a><\/li>\n<li><a href=\"https:\/\/www.linkedin.com\/legal\/privacy-policy\" rel=\"noopener\" target=\"_blank\">Linkedin Regole Privacy<\/a><\/li>\n<li><a href=\"https:\/\/www.linkedin.com\/legal\/cookie_policy\" rel=\"noopener\" target=\"_blank\">Linkedin Cookies Policy<\/a><\/li>\n<li><a href=\"https:\/\/www.facebook.com\/policies\/cookies\/\" rel=\"noopener\" target=\"_blank\">Facebook<\/a><\/li>\n<\/ul>\n<p>Tutti i tipi di cookie sopra descritti possono rimanere nel vostro computer o dispositivo mobile per tempi diversi, a seconda della loro funzione.<\/p>\n<p>I cookie memorizzati sul vostro computer o dispositivo mobile non possono essere utilizzati per richiamare uno qualsiasi dei dati memorizzati nel disco fisso, trasmettere virus, individuare e utilizzare il proprio indirizzo di posta elettronica, o per scopi diversi da quelli sopra descritti.[\/vc_column_text][vc_column_text]<\/p>\n<h3>Gestione Cookie<\/h3>\n<p>Se preferisci che il nostro sito, Google Analytics o che altre parti non utilizzino i cookie e\/o i dati raccolti puoi:<\/p>\n<ul>\n<li>Utilizzare la navigazione anonima (Do Not Track) del tuo browser. Per sapere come attivare l\u2019opzione sui browser: <a href=\"https:\/\/support.microsoft.com\/it-it\/help\/17288\/windows-internet-explorer-11-use-do-not-track#ie=ie-11\" rel=\"noopener\" target=\"_blank\">Internet Explorer<\/a>, <a href=\"https:\/\/support.google.com\/chrome\/answer\/95464?hl=it\" rel=\"noopener\" target=\"_blank\">Google Chrome<\/a>, <a href=\"https:\/\/support.mozilla.org\/it\/kb\/Navigazione%20anonima\" rel=\"noopener\" target=\"_blank\">Mozilla Firefox<\/a>, <a href=\"https:\/\/support.apple.com\/it-it\/HT202886\" rel=\"noopener\" target=\"_blank\">Apple Safari<\/a>.<\/li>\n<li>Disattivare i cookie Google Analytics attraverso le specifiche opzioni di impostazione dei diversi browser o scaricando l\u2019<a href=\"https:\/\/tools.google.com\/dlpage\/gaoptout\/\" rel=\"noopener\" target=\"_blank\">Add-on<\/a>.<\/li>\n<li>Seguire le procedure che ogni browser propone per non usare\/cancellare\/gestire i cookie.<\/li>\n<\/ul>\n<p>Per saperne di pi\u00f9 su come gestire i cookie, visita il sito <a href=\"http:\/\/www.allaboutcookies.org\/manage-cookies\/\" rel=\"noopener\" target=\"_blank\">http:\/\/www.allaboutcookies.org\/manage-cookies\/<\/a>[\/vc_column_text][gb_vc_divider][\/vc_column_inner][vc_column_inner el_class=&#8221;sidebar-ambiti-page&#8221; width=&#8221;1\/3&#8243; offset=&#8221;vc_col-xs-12&#8243;][vc_wp_custommenu nav_menu=&#8221;9&#8243;][gb_vc_pulsante label=&#8221;INTERVENTION AREAS&#8221; link=&#8221;url:http%3A%2F%2Fwww.ontheroad.coop%2Fen%2Fintervention-areas%2F|||&#8221; colore=&#8221;yellow&#8221; dimensione=&#8221;full-width&#8221;][gb_vc_pulsante label=&#8221;CONTACTS&#8221; link=&#8221;url:http%3A%2F%2Fwww.ontheroad.coop%2Fen%2Fcontacts%2F|||&#8221; colore=&#8221;yellow&#8221; dimensione=&#8221;full-width&#8221;][\/vc_column_inner][\/vc_row_inner][\/vc_column][\/vc_row][vc_row full_width=&#8221;stretch_row_content_no_spaces&#8221;][vc_column css_animation=&#8221;none&#8221;][vc_row_inner][vc_column_inner][gb_vc_titolo titolo=&#8221;Related Posts:&#8221; tag=&#8221;div&#8221; modello=&#8221;standard_centrato&#8221;][gb_vc_latest_blog slug_ambito=&#8221;ultimi&#8221;][\/vc_column_inner][\/vc_row_inner][\/vc_column][\/vc_row]<\/p>\n","protected":false},"excerpt":{"rendered":"<p>[vc_row][vc_column css_animation=&#8221;fadeInUp&#8221;][vc_row_inner adviva_container_wrap=&#8221;si&#8221;][vc_column_inner el_class=&#8221;primary-ambiti-page&#8221; width=&#8221;2\/3&#8243;][gb_vc_titolo titolo=&#8221;PRIVACY POLICY&#8221;][vc_column_text] Trattamento dei Dati..<\/p>\n<p class=\"adv_readmore\"><a class=\"adv_moretag\" href=\"https:\/\/www.ontheroad.coop\/en\/privacy\/\">+ LEGGI<\/a><\/p>\n","protected":false},"author":5,"featured_media":0,"parent":0,"menu_order":0,"comment_status":"closed","ping_status":"closed","template":"","meta":{"_eb_attr":""},"acf":[],"yoast_head":"<!-- This site is optimized with the Yoast SEO plugin v20.4 - https:\/\/yoast.com\/wordpress\/plugins\/seo\/ -->\n<title>Privacy Policy - On The Road Cooperativa Sociale<\/title>\n<meta name=\"robots\" content=\"index, follow, max-snippet:-1, max-image-preview:large, max-video-preview:-1\" \/>\n<link rel=\"canonical\" href=\"https:\/\/www.ontheroad.coop\/en\/privacy\/\" \/>\n<meta property=\"og:locale\" content=\"en_US\" \/>\n<meta property=\"og:type\" content=\"article\" \/>\n<meta property=\"og:title\" content=\"Privacy Policy - On The Road Cooperativa Sociale\" \/>\n<meta property=\"og:description\" content=\"[vc_row][vc_column css_animation=&#8221;fadeInUp&#8221;][vc_row_inner adviva_container_wrap=&#8221;si&#8221;][vc_column_inner el_class=&#8221;primary-ambiti-page&#8221; width=&#8221;2\/3&#8243;][gb_vc_titolo titolo=&#8221;PRIVACY POLICY&#8221;][vc_column_text] Trattamento dei Dati..+ LEGGI\" \/>\n<meta property=\"og:url\" content=\"https:\/\/www.ontheroad.coop\/en\/privacy\/\" \/>\n<meta property=\"og:site_name\" content=\"On The Road Cooperativa Sociale\" \/>\n<meta property=\"article:modified_time\" content=\"2017-11-24T09:53:59+00:00\" \/>\n<meta name=\"twitter:card\" content=\"summary_large_image\" \/>\n<meta name=\"twitter:label1\" content=\"Est. reading time\" \/>\n\t<meta name=\"twitter:data1\" content=\"7 minutes\" \/>\n<script type=\"application\/ld+json\" class=\"yoast-schema-graph\">{\"@context\":\"https:\/\/schema.org\",\"@graph\":[{\"@type\":\"WebPage\",\"@id\":\"https:\/\/www.ontheroad.coop\/en\/privacy\/\",\"url\":\"https:\/\/www.ontheroad.coop\/en\/privacy\/\",\"name\":\"Privacy Policy - On The Road Cooperativa Sociale\",\"isPartOf\":{\"@id\":\"https:\/\/www.ontheroad.coop\/#website\"},\"datePublished\":\"2017-11-23T15:45:13+00:00\",\"dateModified\":\"2017-11-24T09:53:59+00:00\",\"breadcrumb\":{\"@id\":\"https:\/\/www.ontheroad.coop\/en\/privacy\/#breadcrumb\"},\"inLanguage\":\"en-US\",\"potentialAction\":[{\"@type\":\"ReadAction\",\"target\":[\"https:\/\/www.ontheroad.coop\/en\/privacy\/\"]}]},{\"@type\":\"BreadcrumbList\",\"@id\":\"https:\/\/www.ontheroad.coop\/en\/privacy\/#breadcrumb\",\"itemListElement\":[{\"@type\":\"ListItem\",\"position\":1,\"name\":\"Home\",\"item\":\"https:\/\/www.ontheroad.coop\/en\/\"},{\"@type\":\"ListItem\",\"position\":2,\"name\":\"Privacy Policy\"}]},{\"@type\":\"WebSite\",\"@id\":\"https:\/\/www.ontheroad.coop\/#website\",\"url\":\"https:\/\/www.ontheroad.coop\/\",\"name\":\"On The Road Cooperativa Sociale\",\"description\":\"\",\"potentialAction\":[{\"@type\":\"SearchAction\",\"target\":{\"@type\":\"EntryPoint\",\"urlTemplate\":\"https:\/\/www.ontheroad.coop\/?s={search_term_string}\"},\"query-input\":\"required name=search_term_string\"}],\"inLanguage\":\"en-US\"}]}<\/script>\n<!-- \/ Yoast SEO plugin. -->","yoast_head_json":{"title":"Privacy Policy - On The Road Cooperativa Sociale","robots":{"index":"index","follow":"follow","max-snippet":"max-snippet:-1","max-image-preview":"max-image-preview:large","max-video-preview":"max-video-preview:-1"},"canonical":"https:\/\/www.ontheroad.coop\/en\/privacy\/","og_locale":"en_US","og_type":"article","og_title":"Privacy Policy - On The Road Cooperativa Sociale","og_description":"[vc_row][vc_column css_animation=&#8221;fadeInUp&#8221;][vc_row_inner adviva_container_wrap=&#8221;si&#8221;][vc_column_inner el_class=&#8221;primary-ambiti-page&#8221; width=&#8221;2\/3&#8243;][gb_vc_titolo titolo=&#8221;PRIVACY POLICY&#8221;][vc_column_text] Trattamento dei Dati..+ LEGGI","og_url":"https:\/\/www.ontheroad.coop\/en\/privacy\/","og_site_name":"On The Road Cooperativa Sociale","article_modified_time":"2017-11-24T09:53:59+00:00","twitter_card":"summary_large_image","twitter_misc":{"Est. reading time":"7 minutes"},"schema":{"@context":"https:\/\/schema.org","@graph":[{"@type":"WebPage","@id":"https:\/\/www.ontheroad.coop\/en\/privacy\/","url":"https:\/\/www.ontheroad.coop\/en\/privacy\/","name":"Privacy Policy - On The Road Cooperativa Sociale","isPartOf":{"@id":"https:\/\/www.ontheroad.coop\/#website"},"datePublished":"2017-11-23T15:45:13+00:00","dateModified":"2017-11-24T09:53:59+00:00","breadcrumb":{"@id":"https:\/\/www.ontheroad.coop\/en\/privacy\/#breadcrumb"},"inLanguage":"en-US","potentialAction":[{"@type":"ReadAction","target":["https:\/\/www.ontheroad.coop\/en\/privacy\/"]}]},{"@type":"BreadcrumbList","@id":"https:\/\/www.ontheroad.coop\/en\/privacy\/#breadcrumb","itemListElement":[{"@type":"ListItem","position":1,"name":"Home","item":"https:\/\/www.ontheroad.coop\/en\/"},{"@type":"ListItem","position":2,"name":"Privacy Policy"}]},{"@type":"WebSite","@id":"https:\/\/www.ontheroad.coop\/#website","url":"https:\/\/www.ontheroad.coop\/","name":"On The Road Cooperativa Sociale","description":"","potentialAction":[{"@type":"SearchAction","target":{"@type":"EntryPoint","urlTemplate":"https:\/\/www.ontheroad.coop\/?s={search_term_string}"},"query-input":"required name=search_term_string"}],"inLanguage":"en-US"}]}},"_links":{"self":[{"href":"https:\/\/www.ontheroad.coop\/en\/wp-json\/wp\/v2\/pages\/4918\/"}],"collection":[{"href":"https:\/\/www.ontheroad.coop\/en\/wp-json\/wp\/v2\/pages\/"}],"about":[{"href":"https:\/\/www.ontheroad.coop\/en\/wp-json\/wp\/v2\/types\/page\/"}],"author":[{"embeddable":true,"href":"https:\/\/www.ontheroad.coop\/en\/wp-json\/wp\/v2\/users\/5\/"}],"replies":[{"embeddable":true,"href":"https:\/\/www.ontheroad.coop\/en\/wp-json\/wp\/v2\/comments\/?post=4918"}],"version-history":[{"count":5,"href":"https:\/\/www.ontheroad.coop\/en\/wp-json\/wp\/v2\/pages\/4918\/revisions\/"}],"predecessor-version":[{"id":4948,"href":"https:\/\/www.ontheroad.coop\/en\/wp-json\/wp\/v2\/pages\/4918\/revisions\/4948\/"}],"wp:attachment":[{"href":"https:\/\/www.ontheroad.coop\/en\/wp-json\/wp\/v2\/media\/?parent=4918"}],"curies":[{"name":"wp","href":"https:\/\/api.w.org\/{rel}","templated":true}]}}